{"id":1903,"date":"2019-09-03T06:45:05","date_gmt":"2019-09-03T06:45:05","guid":{"rendered":"http:\/\/groupbillon.com\/our-work\/"},"modified":"2023-07-10T09:49:43","modified_gmt":"2023-07-10T09:49:43","slug":"le-monde-du-vin","status":"publish","type":"page","link":"https:\/\/groupbillon.com\/fr\/le-monde-du-vin\/","title":{"rendered":"Le monde du vin"},"content":{"rendered":"<h1>\n<p>Depuis 1896<\/p>\n<\/h1>\n<h1>Voyageant \u00e0 travers le monde<\/h1>\n<h1>\n<\/h1>\n<p><img decoding=\"async\" src=\"\/wp-content\/uploads\/2023\/03\/sello.png\" alt=\"\"><br \/>\n<img decoding=\"async\" src=\"\/wp-content\/uploads\/2023\/02\/LOGO-w-min.png\" alt=\"\"><br \/>\n<img decoding=\"async\" src=\"\/wp-content\/uploads\/2023\/03\/sello.png\" alt=\"\"><\/p>\n<p>\n    <a href=\"\/fr\/appellation-dorigine\/\">01\/ Appellation d&rsquo;Origine<\/a>\n<\/p>\n<h1>Uniquement le meilleur terroir<\/h1>\n<div>peut produire les meilleurs raisins.<\/div>\n<p><img decoding=\"async\" src=\"\/wp-content\/uploads\/2023\/03\/sello.png\" alt=\"\"><\/p>\n<p>\n    <a href=\"\/fr\/raisins\/\">02\/ Raisins<\/a>\n<\/p>\n<h1>Que chaque raisin<\/h1>\n<div>porte le terroir \u00e0 l&rsquo;int\u00e9rieur<\/div>\n<p><img decoding=\"async\" src=\"\/wp-content\/uploads\/2023\/03\/sello.png\" alt=\"\"><\/p>\n<p>\n    <a href=\"\/fr\/03-elaboration\/\">03\/ \u00c9laboration<\/a>\n<\/p>\n<h1>Une rencontre magique<\/h1>\n<div>entre le mo\u00fbt et la levure indig\u00e8ne<\/div>\n<p><img decoding=\"async\" src=\"\/wp-content\/uploads\/2023\/03\/sello.png\" alt=\"\"><\/p>\n<p>\n    <a href=\"\/fr\/04-vieillissement\/\">04\/ Vieillissement<\/a>\n<\/p>\n<h1>La magie de nos f\u00fbts<\/h1>\n<div>et le passage du temps<\/div>\n<p><!--more--><br \/>\n<!-- {\"type\":\"layout\",\"children\":[{\"name\":\"CAJA GRANDE IMAGEN 2\",\"type\":\"section\",\"props\":{\"animation_delay\":false,\"header_transparent_noplaceholder\":true,\"height\":\"percent\",\"image\":\"wp-content\\\/uploads\\\/2023\\\/04\\\/1-1-2mundovino.jpg\",\"image_loading\":true,\"image_parallax_bgy\":\"-80,0\",\"image_parallax_breakpoint\":\"m\",\"image_parallax_easing\":\"1\",\"image_position\":\"center-center\",\"image_size\":\"cover\",\"image_width\":\"2329\",\"media_overlay\":\"rgba(0, 0, 0, 0.39)\",\"padding\":\"large\",\"padding_remove_top\":false,\"style\":\"default\",\"text_color\":\"light\",\"title_breakpoint\":\"xl\",\"title_position\":\"top-left\",\"title_rotation\":\"left\",\"vertical_align\":\"bottom\",\"width\":\"expand\"},\"children\":[{\"type\":\"row\",\"children\":[{\"type\":\"column\",\"props\":{\"image_position\":\"center-center\",\"position_sticky_breakpoint\":\"m\",\"width_medium\":\"1-1\"},\"children\":[{\"type\":\"headline\",\"props\":{\"animation\":\"none\",\"block_align\":\"right\",\"content\":\"\n\n<p>Depuis 1896<\\\/p>\",\"margin\":\"remove-vertical\",\"maxwidth\":\"2xlarge\",\"text_align\":\"left\",\"text_align_fallback\":\"center\",\"title_element\":\"h1\",\"title_style\":\"heading-medium\"}},{\"type\":\"headline\",\"props\":{\"animation\":\"none\",\"block_align\":\"right\",\"content\":\"Voyageant \\u00e0 travers le monde\",\"margin\":\"remove-vertical\",\"maxwidth\":\"2xlarge\",\"text_align\":\"left\",\"text_align_fallback\":\"center\",\"title_decoration\":\"divider\",\"title_element\":\"h1\",\"title_style\":\"h3\"}},{\"type\":\"headline\",\"props\":{\"animation\":\"none\",\"block_align\":\"right\",\"content\":\"<br\\\/><br\\\/>\",\"margin\":\"remove-vertical\",\"maxwidth\":\"2xlarge\",\"text_align\":\"left\",\"text_align_fallback\":\"center\",\"title_element\":\"h1\",\"title_style\":\"heading-medium\"}},{\"type\":\"image\",\"props\":{\"block_align\":\"right\",\"block_align_breakpoint\":\"s\",\"block_align_fallback\":\"center\",\"image\":\"wp-content\\\/uploads\\\/2023\\\/03\\\/sello.png\",\"image_svg_color\":\"emphasis\",\"image_width\":\"200\",\"margin\":\"default\",\"maxwidth\":\"2xlarge\"}}]}]}]},{\"name\":\"CAJA GRANDE IMAGEN 2\",\"type\":\"section\",\"props\":{\"animation_delay\":false,\"image\":\"wp-content\\\/uploads\\\/2023\\\/04\\\/1-2.jpg\",\"image_height\":\"635\",\"image_loading\":true,\"image_parallax_bgy\":\"-80,0\",\"image_parallax_breakpoint\":\"m\",\"image_parallax_easing\":\"1\",\"image_position\":\"center-center\",\"image_size\":\"cover\",\"image_width\":\"1920\",\"padding\":\"large\",\"padding_remove_top\":false,\"style\":\"default\",\"text_color\":\"light\",\"title_breakpoint\":\"xl\",\"title_position\":\"top-left\",\"title_rotation\":\"left\",\"vertical_align\":\"bottom\",\"width\":\"expand\"},\"children\":[{\"type\":\"row\",\"children\":[{\"type\":\"column\",\"props\":{\"image_position\":\"center-center\",\"position_sticky_breakpoint\":\"m\",\"width_medium\":\"1-2\"},\"children\":[{\"type\":\"image\",\"props\":{\"block_align\":\"right\",\"block_align_breakpoint\":\"s\",\"block_align_fallback\":\"center\",\"image\":\"wp-content\\\/uploads\\\/2023\\\/02\\\/LOGO-w-min.png\",\"image_svg_color\":\"emphasis\",\"image_width\":\"200\",\"margin\":\"default\",\"maxwidth\":\"2xlarge\"}},{\"type\":\"image\",\"props\":{\"block_align\":\"right\",\"block_align_breakpoint\":\"s\",\"block_align_fallback\":\"center\",\"image\":\"wp-content\\\/uploads\\\/2023\\\/03\\\/sello.png\",\"image_svg_color\":\"emphasis\",\"image_width\":\"200\",\"margin\":\"default\",\"maxwidth\":\"2xlarge\"}}]},{\"type\":\"column\",\"props\":{\"image_position\":\"center-center\",\"position_sticky_breakpoint\":\"m\",\"width_medium\":\"1-2\"},\"children\":[{\"name\":\"Button Style Default\",\"type\":\"button\",\"children\":[{\"type\":\"button_item\",\"props\":{\"button_style\":\"primary\",\"content\":\"01\\\/ Appellation d'Origine\",\"icon_align\":\"left\",\"link\":\"fr\\\/appellation-dorigine\\\/\"}}],\"props\":{\"block_align\":\"right\",\"button_size\":\"large\",\"grid_column_gap\":\"small\",\"grid_row_gap\":\"small\",\"margin\":\"default\",\"margin_remove_top\":false,\"maxwidth\":\"2xlarge\",\"text_align\":\"left\"}},{\"type\":\"headline\",\"props\":{\"animation\":\"none\",\"block_align\":\"right\",\"content\":\"Uniquement le meilleur terroir\",\"margin\":\"remove-vertical\",\"maxwidth\":\"2xlarge\",\"text_align\":\"left\",\"text_align_fallback\":\"center\",\"title_element\":\"h1\"}},{\"type\":\"headline\",\"props\":{\"animation\":\"none\",\"block_align\":\"right\",\"content\":\"peut produire les meilleurs raisins.\",\"margin\":\"remove-vertical\",\"maxwidth\":\"2xlarge\",\"text_align\":\"left\",\"text_align_fallback\":\"center\",\"title_decoration\":\"divider\",\"title_element\":\"div\",\"title_style\":\"text-lead\"}}]}],\"props\":{\"layout\":\"1-2,1-2\"}}]},{\"name\":\"CAJA GRANDE IMAGEN 2\",\"type\":\"section\",\"props\":{\"animation_delay\":false,\"image\":\"wp-content\\\/uploads\\\/2023\\\/04\\\/1-3.jpg\",\"image_height\":\"635\",\"image_loading\":true,\"image_parallax_bgy\":\"0,0\",\"image_parallax_breakpoint\":\"m\",\"image_parallax_easing\":\"1\",\"image_position\":\"center-center\",\"image_size\":\"cover\",\"image_width\":\"1920\",\"padding\":\"xlarge\",\"padding_remove_top\":false,\"style\":\"default\",\"text_color\":\"light\",\"title_breakpoint\":\"xl\",\"title_position\":\"top-left\",\"title_rotation\":\"left\",\"vertical_align\":\"bottom\",\"width\":\"expand\"},\"children\":[{\"type\":\"row\",\"children\":[{\"type\":\"column\",\"props\":{\"image_position\":\"center-center\",\"position_sticky_breakpoint\":\"m\",\"width_medium\":\"1-2\"},\"children\":[{\"type\":\"image\",\"props\":{\"block_align\":\"right\",\"block_align_breakpoint\":\"s\",\"block_align_fallback\":\"center\",\"image\":\"wp-content\\\/uploads\\\/2023\\\/03\\\/sello.png\",\"image_svg_color\":\"emphasis\",\"image_width\":\"200\",\"margin\":\"default\",\"maxwidth\":\"2xlarge\"}}]},{\"type\":\"column\",\"props\":{\"image_position\":\"center-center\",\"position_sticky_breakpoint\":\"m\",\"width_medium\":\"1-2\"},\"children\":[{\"name\":\"Button Style Default\",\"type\":\"button\",\"children\":[{\"type\":\"button_item\",\"props\":{\"button_style\":\"primary\",\"content\":\"02\\\/ Raisins\",\"icon_align\":\"left\",\"link\":\"fr\\\/raisins\\\/\"}}],\"props\":{\"block_align\":\"right\",\"button_size\":\"large\",\"grid_column_gap\":\"small\",\"grid_row_gap\":\"small\",\"margin\":\"default\",\"margin_remove_top\":false,\"maxwidth\":\"2xlarge\",\"text_align\":\"left\"}},{\"type\":\"headline\",\"props\":{\"animation\":\"none\",\"block_align\":\"right\",\"content\":\"Que chaque raisin\",\"margin\":\"remove-vertical\",\"maxwidth\":\"2xlarge\",\"text_align\":\"left\",\"text_align_fallback\":\"center\",\"title_element\":\"h1\"}},{\"type\":\"headline\",\"props\":{\"animation\":\"none\",\"block_align\":\"right\",\"content\":\"porte le terroir \\u00e0 l'int\\u00e9rieur\",\"margin\":\"remove-vertical\",\"maxwidth\":\"2xlarge\",\"text_align\":\"left\",\"text_align_fallback\":\"center\",\"title_decoration\":\"divider\",\"title_element\":\"div\",\"title_style\":\"text-lead\"}}]}],\"props\":{\"layout\":\"1-2,1-2\"}}]},{\"name\":\"CAJA GRANDE IMAGEN 2\",\"type\":\"section\",\"props\":{\"animation_delay\":false,\"image\":\"wp-content\\\/uploads\\\/2023\\\/04\\\/1-4.jpg\",\"image_height\":\"635\",\"image_loading\":true,\"image_parallax_bgy\":\"-80,0\",\"image_parallax_breakpoint\":\"m\",\"image_parallax_easing\":\"1\",\"image_position\":\"center-center\",\"image_size\":\"cover\",\"image_width\":\"1920\",\"padding\":\"xlarge\",\"padding_remove_top\":false,\"style\":\"default\",\"text_color\":\"light\",\"title_breakpoint\":\"xl\",\"title_position\":\"top-left\",\"title_rotation\":\"left\",\"vertical_align\":\"bottom\",\"width\":\"expand\"},\"children\":[{\"type\":\"row\",\"children\":[{\"type\":\"column\",\"props\":{\"image_position\":\"center-center\",\"position_sticky_breakpoint\":\"m\",\"width_medium\":\"1-2\"},\"children\":[{\"type\":\"image\",\"props\":{\"block_align\":\"right\",\"block_align_breakpoint\":\"s\",\"block_align_fallback\":\"center\",\"image\":\"wp-content\\\/uploads\\\/2023\\\/03\\\/sello.png\",\"image_svg_color\":\"emphasis\",\"image_width\":\"200\",\"margin\":\"default\",\"maxwidth\":\"2xlarge\"}}]},{\"type\":\"column\",\"props\":{\"image_position\":\"center-center\",\"position_sticky_breakpoint\":\"m\",\"width_medium\":\"1-2\"},\"children\":[{\"name\":\"Button Style Default\",\"type\":\"button\",\"children\":[{\"type\":\"button_item\",\"props\":{\"button_style\":\"primary\",\"content\":\"03\\\/ \\u00c9laboration\",\"icon_align\":\"left\",\"link\":\"fr\\\/03-elaboration\\\/\"}}],\"props\":{\"block_align\":\"right\",\"button_size\":\"large\",\"grid_column_gap\":\"small\",\"grid_row_gap\":\"small\",\"margin\":\"default\",\"margin_remove_top\":false,\"maxwidth\":\"2xlarge\",\"text_align\":\"left\"}},{\"type\":\"headline\",\"props\":{\"animation\":\"none\",\"block_align\":\"right\",\"content\":\"Une rencontre magique\",\"margin\":\"remove-vertical\",\"maxwidth\":\"2xlarge\",\"text_align\":\"left\",\"text_align_fallback\":\"center\",\"title_element\":\"h1\"}},{\"type\":\"headline\",\"props\":{\"animation\":\"none\",\"block_align\":\"right\",\"content\":\"entre le mo\\u00fbt et la levure indig\\u00e8ne\",\"margin\":\"remove-vertical\",\"maxwidth\":\"2xlarge\",\"text_align\":\"left\",\"text_align_fallback\":\"center\",\"title_decoration\":\"divider\",\"title_element\":\"div\",\"title_style\":\"text-lead\"}}]}],\"props\":{\"layout\":\"1-2,1-2\"}}]},{\"name\":\"CAJA GRANDE IMAGEN 2\",\"type\":\"section\",\"props\":{\"animation_delay\":false,\"image\":\"wp-content\\\/uploads\\\/2023\\\/04\\\/1-5.jpg\",\"image_height\":\"635\",\"image_loading\":true,\"image_parallax_bgy\":\"-80,0\",\"image_parallax_breakpoint\":\"m\",\"image_parallax_easing\":\"1\",\"image_position\":\"center-center\",\"image_size\":\"cover\",\"image_width\":\"1920\",\"padding\":\"xlarge\",\"padding_remove_top\":false,\"style\":\"default\",\"text_color\":\"light\",\"title_breakpoint\":\"xl\",\"title_position\":\"top-left\",\"title_rotation\":\"left\",\"vertical_align\":\"bottom\",\"width\":\"expand\"},\"children\":[{\"type\":\"row\",\"children\":[{\"type\":\"column\",\"props\":{\"image_position\":\"center-center\",\"position_sticky_breakpoint\":\"m\",\"width_medium\":\"1-2\"},\"children\":[{\"type\":\"image\",\"props\":{\"block_align\":\"right\",\"block_align_breakpoint\":\"s\",\"block_align_fallback\":\"center\",\"image\":\"wp-content\\\/uploads\\\/2023\\\/03\\\/sello.png\",\"image_svg_color\":\"emphasis\",\"image_width\":\"200\",\"margin\":\"default\",\"maxwidth\":\"2xlarge\"}}]},{\"type\":\"column\",\"props\":{\"image_position\":\"center-center\",\"position_sticky_breakpoint\":\"m\",\"width_medium\":\"1-2\"},\"children\":[{\"name\":\"Button Style Default\",\"type\":\"button\",\"children\":[{\"type\":\"button_item\",\"props\":{\"button_style\":\"primary\",\"content\":\"04\\\/ Vieillissement\",\"icon_align\":\"left\",\"link\":\"fr\\\/04-vieillissement\\\/\"}}],\"props\":{\"block_align\":\"right\",\"button_size\":\"large\",\"grid_column_gap\":\"small\",\"grid_row_gap\":\"small\",\"margin\":\"default\",\"margin_remove_top\":false,\"maxwidth\":\"2xlarge\",\"text_align\":\"left\"}},{\"type\":\"headline\",\"props\":{\"animation\":\"none\",\"block_align\":\"right\",\"content\":\"La magie de nos f\\u00fbts\",\"margin\":\"remove-vertical\",\"maxwidth\":\"2xlarge\",\"text_align\":\"left\",\"text_align_fallback\":\"center\",\"title_element\":\"h1\"}},{\"type\":\"headline\",\"props\":{\"animation\":\"none\",\"block_align\":\"right\",\"content\":\"et le passage du temps\",\"margin\":\"remove-vertical\",\"maxwidth\":\"2xlarge\",\"text_align\":\"left\",\"text_align_fallback\":\"center\",\"title_decoration\":\"divider\",\"title_element\":\"div\",\"title_style\":\"text-lead\"}}]}],\"props\":{\"layout\":\"1-2,1-2\"}}]}],\"version\":\"4.0.7\"} --><\/p>\n","protected":false},"excerpt":{"rendered":"<p>Depuis 1896 Voyageant \u00e0 travers le monde 01\/ Appellation d&rsquo;Origine Uniquement le meilleur terroir peut produire les meilleurs raisins. 02\/ Raisins Que chaque raisin porte le terroir \u00e0 l&rsquo;int\u00e9rieur 03\/ \u00c9laboration Une rencontre magique entre le mo\u00fbt et la levure indig\u00e8ne 04\/ Vieillissement La magie de nos f\u00fbts et le passage du temps<\/p>\n","protected":false},"author":1,"featured_media":0,"parent":0,"menu_order":3,"comment_status":"open","ping_status":"closed","template":"","meta":{"footnotes":""},"class_list":["post-1903","page","type-page","status-publish","hentry"],"acf":[],"_links":{"self":[{"href":"https:\/\/groupbillon.com\/fr\/wp-json\/wp\/v2\/pages\/1903","targetHints":{"allow":["GET"]}}],"collection":[{"href":"https:\/\/groupbillon.com\/fr\/wp-json\/wp\/v2\/pages"}],"about":[{"href":"https:\/\/groupbillon.com\/fr\/wp-json\/wp\/v2\/types\/page"}],"author":[{"embeddable":true,"href":"https:\/\/groupbillon.com\/fr\/wp-json\/wp\/v2\/users\/1"}],"replies":[{"embeddable":true,"href":"https:\/\/groupbillon.com\/fr\/wp-json\/wp\/v2\/comments?post=1903"}],"version-history":[{"count":3,"href":"https:\/\/groupbillon.com\/fr\/wp-json\/wp\/v2\/pages\/1903\/revisions"}],"predecessor-version":[{"id":2050,"href":"https:\/\/groupbillon.com\/fr\/wp-json\/wp\/v2\/pages\/1903\/revisions\/2050"}],"wp:attachment":[{"href":"https:\/\/groupbillon.com\/fr\/wp-json\/wp\/v2\/media?parent=1903"}],"curies":[{"name":"wp","href":"https:\/\/api.w.org\/{rel}","templated":true}]}}