{"id":1901,"date":"2019-09-03T06:45:05","date_gmt":"2019-09-03T06:45:05","guid":{"rendered":"http:\/\/groupbillon.com\/quienes-somos\/"},"modified":"2023-07-21T09:42:04","modified_gmt":"2023-07-21T09:42:04","slug":"qui-sommes-nous","status":"publish","type":"page","link":"https:\/\/groupbillon.com\/fr\/qui-sommes-nous\/","title":{"rendered":"Qui sommes-nous"},"content":{"rendered":"<h1>La philosophie BILL\u00d8N<\/h1>\n<div>Offrez bonheur, excellence et luxe dans chaque verre.<\/div>\n<p>\n    <a href=\"\/fr\/philosophie\/\">D\u00e9couvrez BILL\u00d8N<\/a>\n<\/p>\n<h1>Ans de travail et d&rsquo;exp\u00e9rience<\/h1>\n<div>Depuis 1896, nous n&rsquo;avons cess\u00e9 d&rsquo;explorer<br \/>\net l&rsquo;histoire de BILL\u00d8N continue\u2026<\/div>\n<p>\n    <a href=\"\/fr\/histoire\/\">D\u00e9couvrez l&rsquo;histoire de BILL\u00d8N<\/a>\n<\/p>\n<h1>Qualit\u00e9 du diamant<\/h1>\n<div>Une norme de qualit\u00e9<\/div>\n<p>\n    <a href=\"\/fr\/qualite-du-diamant\/\">D\u00e9couvrez la culture BILL\u00d8N<\/a>\n<\/p>\n<h1>Bienvenu<\/h1>\n<div>au lieu des exp\u00e9riences BILL\u00d8N<\/div>\n<p>\n    <a href=\"#\">D\u00e9couvrez la boutique BILL\u00d8N Experience<\/a>\n<\/p>\n<p><!--more--><br \/>\n<!-- {\"type\":\"layout\",\"children\":[{\"type\":\"section\",\"props\":{\"header_transparent\":\"light\",\"header_transparent_noplaceholder\":false,\"height\":\"full\",\"image\":\"\\\/wp-content\\\/uploads\\\/2023\\\/02\\\/1-QS.jpg\",\"image_effect\":\"parallax\",\"image_loading\":true,\"image_parallax_bgy\":\"-5vh,4vh\",\"image_parallax_easing\":\"1\",\"image_position\":\"top-center\",\"image_size\":\"cover\",\"image_width\":\"2560\",\"overlap\":false,\"padding\":\"large\",\"padding_remove_bottom\":false,\"padding_remove_top\":false,\"style\":\"default\",\"text_color\":\"light\",\"title_breakpoint\":\"xl\",\"title_position\":\"bottom-right\",\"title_rotation\":\"left\",\"vertical_align\":\"middle\",\"width\":\"xsmall\"},\"children\":[{\"type\":\"row\",\"children\":[{\"type\":\"column\",\"props\":{\"image_position\":\"center-center\",\"position_sticky_breakpoint\":\"m\",\"width_medium\":\"1-1\"},\"children\":[{\"type\":\"headline\",\"props\":{\"content\":\"La philosophie BILL\\u00d8N\",\"text_align\":\"center\",\"title_element\":\"h1\",\"title_style\":\"heading-medium\"}},{\"type\":\"divider\",\"props\":{\"divider_align\":\"center\",\"divider_element\":\"div\",\"divider_style\":\"small\"}},{\"type\":\"headline\",\"props\":{\"content\":\"Offrez bonheur, excellence et luxe dans chaque verre.\",\"css\":\".el-element { \\n    text-transform: none;\\n    font-size: 30px;\\n}\",\"margin\":\"default\",\"text_align\":\"center\",\"title_element\":\"div\",\"title_font_family\":\"tertiary\",\"title_style\":\"h2\"}},{\"name\":\"Button Style Default\",\"type\":\"button\",\"children\":[{\"type\":\"button_item\",\"props\":{\"button_style\":\"default\",\"content\":\"D\\u00e9couvrez BILL\\u00d8N\",\"icon_align\":\"left\",\"link\":\"fr\\\/philosophie\\\/\"}}],\"props\":{\"button_size\":\"large\",\"grid_column_gap\":\"small\",\"grid_row_gap\":\"small\",\"margin\":\"medium\",\"margin_remove_top\":false,\"text_align\":\"center\"}}]}]}],\"name\":\"Hero\"},{\"type\":\"section\",\"props\":{\"header_transparent\":\"light\",\"header_transparent_noplaceholder\":false,\"height\":\"full\",\"image\":\"http:\\\/\\\/groupbillon.com\\\/wp-content\\\/uploads\\\/2023\\\/02\\\/2-QS.jpg\",\"image_effect\":\"parallax\",\"image_loading\":true,\"image_parallax_bgy\":\"-5vh,4vh\",\"image_parallax_easing\":\"1\",\"image_position\":\"top-center\",\"image_size\":\"cover\",\"image_width\":\"2560\",\"overlap\":false,\"padding\":\"large\",\"padding_remove_bottom\":false,\"padding_remove_top\":false,\"style\":\"default\",\"text_color\":\"light\",\"title_breakpoint\":\"xl\",\"title_position\":\"bottom-right\",\"title_rotation\":\"left\",\"vertical_align\":\"middle\",\"width\":\"large\"},\"children\":[{\"type\":\"row\",\"children\":[{\"type\":\"column\",\"props\":{\"image_position\":\"center-center\",\"position_sticky_breakpoint\":\"m\",\"width_medium\":\"1-1\"},\"children\":[{\"type\":\"headline\",\"props\":{\"content\":\"Ans de travail et d'exp\\u00e9rience\",\"text_align\":\"center\",\"title_element\":\"h1\",\"title_style\":\"heading-medium\"}},{\"type\":\"divider\",\"props\":{\"divider_align\":\"center\",\"divider_element\":\"div\",\"divider_style\":\"small\"}},{\"type\":\"headline\",\"props\":{\"content\":\"Depuis 1896, nous n'avons cess\\u00e9 d'explorer\\net l'histoire de BILL\\u00d8N continue\\u2026\",\"css\":\".el-element { \\n    text-transform: none;\\n    font-size: 30px;\\n}\",\"margin\":\"default\",\"text_align\":\"center\",\"title_element\":\"div\",\"title_font_family\":\"tertiary\",\"title_style\":\"h2\"}},{\"name\":\"Button Style Default\",\"type\":\"button\",\"children\":[{\"type\":\"button_item\",\"props\":{\"button_style\":\"default\",\"content\":\"D\\u00e9couvrez l'histoire de BILL\\u00d8N\",\"icon_align\":\"left\",\"link\":\"fr\\\/histoire\\\/\"}}],\"props\":{\"button_size\":\"large\",\"grid_column_gap\":\"small\",\"grid_row_gap\":\"small\",\"margin\":\"medium\",\"margin_remove_top\":false,\"text_align\":\"center\"}}]}]}],\"name\":\"Hero\"},{\"type\":\"section\",\"props\":{\"header_transparent\":\"light\",\"header_transparent_noplaceholder\":false,\"height\":\"full\",\"image\":\"wp-content\\\/uploads\\\/2023\\\/03\\\/3-QS-min.jpg\",\"image_effect\":\"parallax\",\"image_loading\":true,\"image_parallax_bgy\":\"-5vh,4vh\",\"image_parallax_easing\":\"1\",\"image_position\":\"top-center\",\"image_size\":\"cover\",\"image_width\":\"2560\",\"overlap\":false,\"padding\":\"large\",\"padding_remove_bottom\":false,\"padding_remove_top\":false,\"style\":\"default\",\"text_color\":\"light\",\"title_breakpoint\":\"xl\",\"title_position\":\"bottom-right\",\"title_rotation\":\"left\",\"vertical_align\":\"middle\",\"width\":\"xsmall\"},\"children\":[{\"type\":\"row\",\"children\":[{\"type\":\"column\",\"props\":{\"image_position\":\"center-center\",\"position_sticky_breakpoint\":\"m\",\"width_medium\":\"1-1\"},\"children\":[{\"type\":\"headline\",\"props\":{\"content\":\"Qualit\\u00e9 du diamant\",\"text_align\":\"center\",\"title_element\":\"h1\",\"title_style\":\"heading-medium\"}},{\"type\":\"divider\",\"props\":{\"divider_align\":\"center\",\"divider_element\":\"div\",\"divider_style\":\"small\"}},{\"type\":\"headline\",\"props\":{\"content\":\"Une norme de qualit\\u00e9\",\"css\":\".el-element { \\n    text-transform: none;\\n    font-size: 30px;\\n}\",\"margin\":\"default\",\"text_align\":\"center\",\"title_element\":\"div\",\"title_font_family\":\"tertiary\",\"title_style\":\"h2\"}},{\"name\":\"Button Style Default\",\"type\":\"button\",\"children\":[{\"type\":\"button_item\",\"props\":{\"button_style\":\"default\",\"content\":\"D\\u00e9couvrez la culture BILL\\u00d8N\",\"icon_align\":\"left\",\"link\":\"fr\\\/qualite-du-diamant\\\/\"}}],\"props\":{\"button_size\":\"large\",\"grid_column_gap\":\"small\",\"grid_row_gap\":\"small\",\"margin\":\"large\",\"margin_remove_top\":false,\"text_align\":\"center\"}}]}]}],\"name\":\"Hero\"},{\"type\":\"section\",\"props\":{\"header_transparent\":\"light\",\"header_transparent_noplaceholder\":false,\"height\":\"full\",\"image\":\"wp-content\\\/uploads\\\/2023\\\/03\\\/4-QS-min.jpg\",\"image_loading\":true,\"image_parallax_bgy\":\"-5vh,4vh\",\"image_parallax_easing\":\"1\",\"image_position\":\"top-center\",\"image_size\":\"cover\",\"image_width\":\"2560\",\"overlap\":false,\"padding\":\"large\",\"padding_remove_bottom\":false,\"padding_remove_top\":false,\"style\":\"default\",\"text_color\":\"light\",\"title_breakpoint\":\"xl\",\"title_position\":\"bottom-right\",\"title_rotation\":\"left\",\"vertical_align\":\"middle\",\"width\":\"xsmall\"},\"children\":[{\"type\":\"row\",\"children\":[{\"type\":\"column\",\"props\":{\"image_position\":\"center-center\",\"position_sticky_breakpoint\":\"m\",\"width_medium\":\"1-1\"},\"children\":[{\"type\":\"headline\",\"props\":{\"content\":\"Bienvenu\",\"text_align\":\"center\",\"title_element\":\"h1\",\"title_style\":\"heading-medium\"}},{\"type\":\"divider\",\"props\":{\"divider_align\":\"center\",\"divider_element\":\"div\",\"divider_style\":\"small\"}},{\"type\":\"headline\",\"props\":{\"content\":\"au lieu des exp\\u00e9riences BILL\\u00d8N\",\"css\":\".el-element { \\n    text-transform: none;\\n    font-size: 30px;\\n}\",\"margin\":\"default\",\"text_align\":\"center\",\"title_element\":\"div\",\"title_font_family\":\"tertiary\",\"title_style\":\"h2\"}},{\"name\":\"Button Style Default\",\"type\":\"button\",\"children\":[{\"type\":\"button_item\",\"props\":{\"button_style\":\"default\",\"content\":\"D\\u00e9couvrez la boutique BILL\\u00d8N Experience\",\"icon_align\":\"left\",\"link\":\"#\"}}],\"props\":{\"button_size\":\"large\",\"grid_column_gap\":\"small\",\"grid_row_gap\":\"small\",\"margin\":\"large\",\"margin_remove_top\":false,\"text_align\":\"center\"}}]}]}],\"name\":\"Hero\"}],\"version\":\"4.0.7\"} --><\/p>\n","protected":false},"excerpt":{"rendered":"<p>La philosophie BILL\u00d8N Offrez bonheur, excellence et luxe dans chaque verre. D\u00e9couvrez BILL\u00d8N Ans de travail et d&rsquo;exp\u00e9rience Depuis 1896, nous n&rsquo;avons cess\u00e9 d&rsquo;explorer et l&rsquo;histoire de BILL\u00d8N continue\u2026 D\u00e9couvrez l&rsquo;histoire de BILL\u00d8N Qualit\u00e9 du diamant Une norme de qualit\u00e9 D\u00e9couvrez la culture BILL\u00d8N Bienvenu au lieu des exp\u00e9riences BILL\u00d8N D\u00e9couvrez la boutique BILL\u00d8N Experience<\/p>\n","protected":false},"author":1,"featured_media":0,"parent":0,"menu_order":6,"comment_status":"open","ping_status":"closed","template":"","meta":{"footnotes":""},"class_list":["post-1901","page","type-page","status-publish","hentry"],"acf":[],"_links":{"self":[{"href":"https:\/\/groupbillon.com\/fr\/wp-json\/wp\/v2\/pages\/1901","targetHints":{"allow":["GET"]}}],"collection":[{"href":"https:\/\/groupbillon.com\/fr\/wp-json\/wp\/v2\/pages"}],"about":[{"href":"https:\/\/groupbillon.com\/fr\/wp-json\/wp\/v2\/types\/page"}],"author":[{"embeddable":true,"href":"https:\/\/groupbillon.com\/fr\/wp-json\/wp\/v2\/users\/1"}],"replies":[{"embeddable":true,"href":"https:\/\/groupbillon.com\/fr\/wp-json\/wp\/v2\/comments?post=1901"}],"version-history":[{"count":7,"href":"https:\/\/groupbillon.com\/fr\/wp-json\/wp\/v2\/pages\/1901\/revisions"}],"predecessor-version":[{"id":2235,"href":"https:\/\/groupbillon.com\/fr\/wp-json\/wp\/v2\/pages\/1901\/revisions\/2235"}],"wp:attachment":[{"href":"https:\/\/groupbillon.com\/fr\/wp-json\/wp\/v2\/media?parent=1901"}],"curies":[{"name":"wp","href":"https:\/\/api.w.org\/{rel}","templated":true}]}}