{"id":1885,"date":"2023-03-17T09:39:12","date_gmt":"2023-03-17T09:39:12","guid":{"rendered":"http:\/\/groupbillon.com\/calidad-diamante\/"},"modified":"2023-07-11T06:26:08","modified_gmt":"2023-07-11T06:26:08","slug":"qualite-du-diamant","status":"publish","type":"page","link":"https:\/\/groupbillon.com\/fr\/qualite-du-diamant\/","title":{"rendered":"Qualit\u00e9 du diamant"},"content":{"rendered":"<div>\n<p>    <img decoding=\"async\" src=\"\/wp-content\/uploads\/2023\/03\/4-1.jpg\" alt=\"\"><\/p>\n<h2>BILL\u00d8N, ce n&rsquo;est pas seulement un vin<\/h2>\n<p>mais aussi un go\u00fbt, un art de vivre et une nouvelle standard d&rsquo;industrie<\/p>\n<div>\n<p><img loading=\"lazy\" decoding=\"async\" src=\"http:\/\/groupbillon.com\/wp-content\/uploads\/2023\/03\/sello-272x300.png\" alt=\"\" width=\"151\" height=\"166\" class=\"alignnone  wp-image-1196\" srcset=\"https:\/\/groupbillon.com\/wp-content\/uploads\/2023\/03\/sello-272x300.png 272w, https:\/\/groupbillon.com\/wp-content\/uploads\/2023\/03\/sello.png 600w\" sizes=\"auto, (max-width: 151px) 100vw, 151px\" \/><\/p>\n<\/div>\n<\/div>\n<h2>Design<\/h2>\n<div>Bouteille brevet\u00e9 exclusive \u00e0 texture diamant<br \/>\nd\u00e9velopp\u00e9 par un prestigieux studio de design<br \/>\ninternational<\/div>\n<p><img decoding=\"async\" src=\"\/wp-content\/uploads\/2023\/03\/sello.png\" alt=\"\"><\/p>\n<h2>Histoire<\/h2>\n<div>Propre vignoble avec une histoire d&rsquo;\u00e9laboration de<br \/>\nvins datant de 1896<\/div>\n<p><img decoding=\"async\" src=\"\/wp-content\/uploads\/2023\/03\/sello.png\" alt=\"\"><\/p>\n<h2>Qualit\u00e9<\/h2>\n<div>\n<p>La qualit\u00e9 est l&rsquo;un des principes qui guident tous<br \/>\u00e9laborations des vins BILL\u00d8N. du soin<br \/>de nos vignes \u00e0 la conception de nos bouteilles,<br \/>passer par le processus de r\u00e9colte et de vieillissement dans barriques, tous les processus sont pris en charge au maximum pour s&rsquo;assurer que la qualit\u00e9 de nos produits est un une r\u00e9f\u00e9rence internationale dans le secteur<\/p>\n<\/div>\n<p><img decoding=\"async\" src=\"\/wp-content\/uploads\/2023\/03\/sello.png\" alt=\"\"><\/p>\n<h2>Exp\u00e9rience<\/h2>\n<div>Entrez dans un monde inconnu, un tout<br \/>\nexp\u00e9rience unique pour les sens. traverser la<br \/>\nseuil, respirer, se rafra\u00eechir, ressentir&#8230; profiter<br \/>\nl&rsquo;exp\u00e9rience unique et inimitable de BILL\u00d8N.<br \/>\nUne proposition internationale et cosmopolite<br \/>\nplein d&rsquo;ar\u00f4mes, de saveurs et de sensations<\/div>\n<p><img decoding=\"async\" src=\"\/wp-content\/uploads\/2023\/03\/sello.png\" alt=\"\"><\/p>\n<h2>Facilit\u00e9<\/h2>\n<div>Le syst\u00e8me innovant Wine Diamond, qui comprend un<br \/>\nsyst\u00e8me professionnel de contr\u00f4le de la qualit\u00e9 et un syst\u00e8me de acheter rapidement et confortablement, m\u00eame si vous ne connaissez pas les vins, vous pouvez facilement choisir celui qui vous convient le mieux<\/div>\n<p><img decoding=\"async\" src=\"\/wp-content\/uploads\/2023\/03\/sello.png\" alt=\"\"><\/p>\n<h1>Vision BILL\u00d8N<\/h1>\n<div>Offrez bonheur, excellence et luxe dans chaque verre<\/div>\n<p><img decoding=\"async\" src=\"\/wp-content\/uploads\/2023\/03\/sello.png\" alt=\"\"><br \/>\n<img decoding=\"async\" src=\"\/wp-content\/uploads\/2023\/02\/LOGO-n.png\" alt=\"\"><\/p>\n<h1>Mission BILL\u00d8N<\/h1>\n<div>\u00catre les pionniers de l&rsquo;industrie du vin de qualit\u00e9 dans le monde entier alliant une innovation constante \u00e0 un profond respect pour notre histoire\n<\/div>\n<p><img decoding=\"async\" src=\"\/wp-content\/uploads\/2023\/03\/sello.png\" alt=\"\"><\/p>\n<p><!--more--><br \/>\n<!-- {\"type\":\"layout\",\"children\":[{\"type\":\"section\",\"props\":{\"animation\":\"fade\",\"header_transparent\":\"light\",\"header_transparent_noplaceholder\":true,\"image_position\":\"center-center\",\"padding\":\"none\",\"style\":\"default\",\"title_breakpoint\":\"xl\",\"title_position\":\"top-left\",\"title_rotation\":\"left\",\"vertical_align\":\"middle\",\"width\":\"\"},\"children\":[{\"type\":\"row\",\"children\":[{\"type\":\"column\",\"props\":{\"image_position\":\"center-center\",\"position_sticky_breakpoint\":\"m\",\"width_medium\":\"1-1\"},\"children\":[{\"type\":\"slideshow\",\"props\":{\"content_style\":\"text-lead\",\"image_loading\":true,\"image_width\":\"2560\",\"link_margin\":\"medium\",\"link_style\":\"primary\",\"link_text\":\"Read more\",\"margin\":\"default\",\"meta_align\":\"below-title\",\"meta_element\":\"div\",\"meta_style\":\"h4\",\"nav\":\"dotnav\",\"nav_align\":\"center\",\"nav_breakpoint\":\"\",\"nav_position\":\"bottom-center\",\"nav_position_margin\":\"medium\",\"overlay_animation\":\"parallax\",\"overlay_container\":\"large\",\"overlay_position\":\"center-left\",\"overlay_width\":\"xlarge\",\"show_content\":true,\"show_link\":true,\"show_meta\":true,\"show_thumbnail\":true,\"show_title\":true,\"slidenav\":\"default\",\"slidenav_breakpoint\":\"m\",\"slidenav_hover\":true,\"slidenav_large\":true,\"slidenav_margin\":\"\",\"slidenav_outside_breakpoint\":\"xl\",\"slideshow_animation\":\"push\",\"slideshow_autoplay_pause\":true,\"slideshow_height\":\"percent\",\"slideshow_min_height\":\"590\",\"slideshow_ratio\":\"3:1\",\"text_color\":\"light\",\"thumbnav_height\":\"75\",\"thumbnav_svg_color\":\"emphasis\",\"thumbnav_width\":\"100\",\"title_decoration\":\"divider\",\"title_element\":\"h2\",\"title_margin\":\"small\",\"title_style\":\"h1\"},\"children\":[{\"type\":\"slideshow_item\",\"props\":{\"content\":\"\n\n<p><img src=\\\"http:\\\/\\\/groupbillon.com\\\/wp-content\\\/uploads\\\/2023\\\/03\\\/sello-272x300.png\\\" alt=\\\"\\\" width=\\\"151\\\" height=\\\"166\\\" class=\\\"alignnone  wp-image-1196\\\" \\\/><\\\/p>\",\"image\":\"wp-content\\\/uploads\\\/2023\\\/03\\\/4-1.jpg\",\"link_text\":\"Read Review\",\"meta\":\"mais aussi un go\\u00fbt, un art de vivre et une nouvelle standard d'industrie\",\"text_color\":\"light\",\"title\":\"BILL\\u00d8N, ce n'est pas seulement un vin\"}}]}]}]}],\"name\":\"Hero\"},{\"type\":\"section\",\"props\":{\"image_position\":\"center-center\",\"padding\":\"none\",\"padding_remove_bottom\":false,\"padding_remove_top\":true,\"style\":\"default\",\"title_breakpoint\":\"xl\",\"title_position\":\"top-left\",\"title_rotation\":\"left\",\"vertical_align\":\"\",\"width\":\"\",\"width_expand\":\"left\"},\"children\":[{\"type\":\"row\",\"props\":{\"column_gap\":\"collapse\",\"id\":\"advanced\",\"layout\":\"1-2,1-2\",\"margin\":\"remove-vertical\",\"match\":false,\"row_gap\":\"collapse\",\"width_expand\":\"left\"},\"children\":[{\"type\":\"column\",\"props\":{\"css\":\".el-column { min-height: 350px; }\",\"image\":\"wp-content\\\/uploads\\\/2023\\\/03\\\/Calidad4-2.jpg\",\"image_position\":\"center-center\",\"image_size\":\"cover\",\"image_width\":\"1280\",\"order_first\":\"m\",\"position_sticky_breakpoint\":\"m\",\"width_medium\":\"1-2\"}},{\"type\":\"column\",\"props\":{\"image_position\":\"center-center\",\"padding\":\"xlarge\",\"position_sticky_breakpoint\":\"m\",\"style\":\"tile-default\",\"vertical_align\":\"middle\",\"width_medium\":\"1-2\"},\"children\":[{\"type\":\"headline\",\"props\":{\"block_align\":\"center\",\"content\":\"Design\",\"css\":\".el-element{\\n\\t color: #918064;\\n}\",\"margin\":\"medium\",\"maxwidth\":\"2xlarge\",\"text_align\":\"right\",\"title_decoration\":\"divider\",\"title_element\":\"h2\",\"title_style\":\"h2\"}},{\"type\":\"text\",\"props\":{\"block_align\":\"center\",\"column_breakpoint\":\"m\",\"content\":\"Bouteille brevet\\u00e9 exclusive \\u00e0 texture diamant\\nd\\u00e9velopp\\u00e9 par un prestigieux studio de design\\ninternational\",\"margin\":\"default\",\"maxwidth\":\"2xlarge\",\"text_align\":\"right\",\"text_style\":\"large\"}},{\"type\":\"image\",\"props\":{\"block_align\":\"center\",\"image\":\"wp-content\\\/uploads\\\/2023\\\/03\\\/sello.png\",\"image_svg_color\":\"emphasis\",\"image_width\":\"200\",\"margin\":\"default\",\"maxwidth\":\"large\",\"text_align\":\"center\"}}]}]},{\"type\":\"row\",\"props\":{\"column_gap\":\"collapse\",\"id\":\"advanced\",\"layout\":\"1-2,1-2\",\"margin\":\"remove-vertical\",\"match\":false,\"row_gap\":\"collapse\",\"width_expand\":\"left\"},\"children\":[{\"type\":\"column\",\"props\":{\"css\":\".el-column { min-height: 350px; }\",\"image\":\"wp-content\\\/uploads\\\/2023\\\/03\\\/Calidad4-3.jpg\",\"image_position\":\"center-center\",\"image_size\":\"cover\",\"position_sticky_breakpoint\":\"m\",\"width_medium\":\"1-2\"}},{\"type\":\"column\",\"props\":{\"image_position\":\"center-center\",\"order_first\":\"m\",\"padding\":\"xlarge\",\"position_sticky_breakpoint\":\"m\",\"style\":\"tile-muted\",\"vertical_align\":\"middle\",\"width_medium\":\"1-2\"},\"children\":[{\"type\":\"headline\",\"props\":{\"block_align\":\"center\",\"content\":\"Histoire\",\"css\":\".el-element{\\n\\t color: #918064;\\n}\",\"margin\":\"medium\",\"maxwidth\":\"2xlarge\",\"title_decoration\":\"divider\",\"title_element\":\"h2\",\"title_style\":\"h2\"}},{\"type\":\"text\",\"props\":{\"block_align\":\"center\",\"column_breakpoint\":\"m\",\"content\":\"Propre vignoble avec une histoire d'\\u00e9laboration de\\nvins datant de 1896\",\"margin\":\"default\",\"maxwidth\":\"2xlarge\",\"text_style\":\"large\"}},{\"type\":\"image\",\"props\":{\"block_align\":\"center\",\"image\":\"wp-content\\\/uploads\\\/2023\\\/03\\\/sello.png\",\"image_svg_color\":\"emphasis\",\"image_width\":\"200\",\"margin\":\"default\",\"maxwidth\":\"large\",\"text_align\":\"center\"}}]}]},{\"type\":\"row\",\"props\":{\"column_gap\":\"collapse\",\"id\":\"advanced\",\"layout\":\"1-2,1-2\",\"margin\":\"remove-vertical\",\"match\":false,\"row_gap\":\"collapse\",\"width_expand\":\"left\"},\"children\":[{\"type\":\"column\",\"props\":{\"css\":\".el-column { min-height: 350px; }\",\"image\":\"wp-content\\\/uploads\\\/2023\\\/03\\\/Calidad4-4-min.jpg\",\"image_position\":\"center-center\",\"image_size\":\"cover\",\"image_width\":\"1280\",\"order_first\":\"m\",\"position_sticky_breakpoint\":\"m\",\"width_medium\":\"1-2\"}},{\"type\":\"column\",\"props\":{\"image_position\":\"center-center\",\"padding\":\"xlarge\",\"position_sticky_breakpoint\":\"m\",\"style\":\"tile-default\",\"vertical_align\":\"middle\",\"width_medium\":\"1-2\"},\"children\":[{\"type\":\"headline\",\"props\":{\"block_align\":\"center\",\"content\":\"Qualit\\u00e9\",\"css\":\".el-element{\\n\\t color: #918064;\\n}\",\"margin\":\"medium\",\"maxwidth\":\"2xlarge\",\"text_align\":\"right\",\"title_decoration\":\"divider\",\"title_element\":\"h2\",\"title_style\":\"h2\"}},{\"type\":\"text\",\"props\":{\"block_align\":\"center\",\"column_breakpoint\":\"m\",\"content\":\"\n\n<p>La qualit\\u00e9 est l'un des principes qui guident tous<br \\\/>\\u00e9laborations des vins BILL\\u00d8N. du soin<br \\\/>de nos vignes \\u00e0 la conception de nos bouteilles,<br \\\/>passer par le processus de r\\u00e9colte et de vieillissement dans barriques, tous les processus sont pris en charge au maximum pour s'assurer que la qualit\\u00e9 de nos produits est un une r\\u00e9f\\u00e9rence internationale dans le secteur<\\\/p>\",\"margin\":\"default\",\"maxwidth\":\"2xlarge\",\"text_align\":\"right\",\"text_style\":\"large\"}},{\"type\":\"image\",\"props\":{\"block_align\":\"center\",\"image\":\"wp-content\\\/uploads\\\/2023\\\/03\\\/sello.png\",\"image_svg_color\":\"emphasis\",\"image_width\":\"200\",\"margin\":\"default\",\"maxwidth\":\"large\",\"text_align\":\"center\"}}]}]},{\"type\":\"row\",\"props\":{\"column_gap\":\"collapse\",\"id\":\"advanced\",\"layout\":\"1-2,1-2\",\"margin\":\"remove-vertical\",\"match\":false,\"row_gap\":\"collapse\",\"width_expand\":\"left\"},\"children\":[{\"type\":\"column\",\"props\":{\"css\":\".el-column { min-height: 350px; }\",\"image\":\"wp-content\\\/uploads\\\/2023\\\/03\\\/Calidad4-5-min.jpg\",\"image_position\":\"center-center\",\"image_size\":\"cover\",\"position_sticky_breakpoint\":\"m\",\"width_medium\":\"1-2\"}},{\"type\":\"column\",\"props\":{\"image_position\":\"center-center\",\"order_first\":\"m\",\"padding\":\"xlarge\",\"position_sticky_breakpoint\":\"m\",\"style\":\"tile-muted\",\"vertical_align\":\"middle\",\"width_medium\":\"1-2\"},\"children\":[{\"type\":\"headline\",\"props\":{\"block_align\":\"center\",\"content\":\"Exp\\u00e9rience\",\"css\":\".el-element{\\n\\t color: #918064;\\n}\",\"margin\":\"medium\",\"maxwidth\":\"2xlarge\",\"title_decoration\":\"divider\",\"title_element\":\"h2\",\"title_style\":\"h2\"}},{\"type\":\"text\",\"props\":{\"block_align\":\"center\",\"column_breakpoint\":\"m\",\"content\":\"Entrez dans un monde inconnu, un tout\\nexp\\u00e9rience unique pour les sens. traverser la\\nseuil, respirer, se rafra\\u00eechir, ressentir... profiter\\nl'exp\\u00e9rience unique et inimitable de BILL\\u00d8N.\\nUne proposition internationale et cosmopolite\\nplein d'ar\\u00f4mes, de saveurs et de sensations\",\"margin\":\"default\",\"maxwidth\":\"2xlarge\",\"text_style\":\"large\"}},{\"type\":\"image\",\"props\":{\"block_align\":\"center\",\"image\":\"wp-content\\\/uploads\\\/2023\\\/03\\\/sello.png\",\"image_svg_color\":\"emphasis\",\"image_width\":\"200\",\"margin\":\"default\",\"maxwidth\":\"large\",\"text_align\":\"center\"}}]}]},{\"type\":\"row\",\"props\":{\"column_gap\":\"collapse\",\"id\":\"advanced\",\"layout\":\"1-2,1-2\",\"margin\":\"remove-vertical\",\"match\":false,\"row_gap\":\"collapse\",\"width_expand\":\"left\"},\"children\":[{\"type\":\"column\",\"props\":{\"css\":\".el-column { min-height: 350px; }\",\"image\":\"wp-content\\\/uploads\\\/2023\\\/03\\\/Calidad4-6-min.jpg\",\"image_position\":\"center-center\",\"image_size\":\"cover\",\"image_width\":\"1280\",\"order_first\":\"m\",\"position_sticky_breakpoint\":\"m\",\"width_medium\":\"1-2\"}},{\"type\":\"column\",\"props\":{\"image_position\":\"center-center\",\"padding\":\"xlarge\",\"position_sticky_breakpoint\":\"m\",\"style\":\"tile-default\",\"vertical_align\":\"middle\",\"width_medium\":\"1-2\"},\"children\":[{\"type\":\"headline\",\"props\":{\"block_align\":\"center\",\"content\":\"Facilit\\u00e9\",\"css\":\".el-element{\\n\\t color: #918064;\\n}\\n\",\"margin\":\"medium\",\"maxwidth\":\"2xlarge\",\"text_align\":\"right\",\"title_decoration\":\"divider\",\"title_element\":\"h2\",\"title_style\":\"h2\"}},{\"type\":\"text\",\"props\":{\"block_align\":\"center\",\"column_breakpoint\":\"m\",\"content\":\"Le syst\\u00e8me innovant Wine Diamond, qui comprend un\\nsyst\\u00e8me professionnel de contr\\u00f4le de la qualit\\u00e9 et un syst\\u00e8me de acheter rapidement et confortablement, m\\u00eame si vous ne connaissez pas les vins, vous pouvez facilement choisir celui qui vous convient le mieux\",\"margin\":\"default\",\"maxwidth\":\"2xlarge\",\"text_align\":\"right\",\"text_style\":\"large\"}},{\"type\":\"image\",\"props\":{\"block_align\":\"center\",\"image\":\"wp-content\\\/uploads\\\/2023\\\/03\\\/sello.png\",\"image_svg_color\":\"emphasis\",\"image_width\":\"200\",\"margin\":\"default\",\"maxwidth\":\"large\",\"text_align\":\"center\"}}]}]}],\"name\":\"Lessons\"},{\"name\":\"Hero\",\"type\":\"section\",\"props\":{\"animation_delay\":false,\"css\":\".uk-heading-divider {\\n    border-bottom-color: #918064;\\n}\",\"height\":\"percent\",\"image\":\"wp-content\\\/uploads\\\/2023\\\/03\\\/Calidad4-7.jpg\",\"image_effect\":\"parallax\",\"image_loading\":true,\"image_parallax_bgy\":\"-80,0\",\"image_parallax_breakpoint\":\"m\",\"image_parallax_easing\":\"1\",\"image_position\":\"center-center\",\"image_size\":\"cover\",\"image_width\":\"2560\",\"padding\":\"large\",\"padding_remove_top\":false,\"style\":\"default\",\"text_color\":\"light\",\"title_breakpoint\":\"xl\",\"title_position\":\"top-left\",\"title_rotation\":\"left\",\"vertical_align\":\"bottom\",\"width\":\"expand\"},\"children\":[{\"type\":\"row\",\"children\":[{\"type\":\"column\",\"props\":{\"image_position\":\"center-center\",\"position_sticky_breakpoint\":\"m\",\"width_medium\":\"1-1\"},\"children\":[{\"type\":\"headline\",\"props\":{\"animation\":\"none\",\"block_align\":\"right\",\"content\":\"Vision BILL\\u00d8N\",\"margin\":\"remove-vertical\",\"maxwidth\":\"2xlarge\",\"text_align\":\"left\",\"text_align_fallback\":\"center\",\"title_decoration\":\"divider\",\"title_element\":\"h1\",\"title_style\":\"heading-medium\"}},{\"type\":\"text\",\"props\":{\"block_align\":\"right\",\"column_breakpoint\":\"m\",\"content\":\"Offrez bonheur, excellence et luxe dans chaque verre\",\"margin\":\"default\",\"maxwidth\":\"2xlarge\",\"text_style\":\"large\"}},{\"type\":\"image\",\"props\":{\"block_align\":\"right\",\"block_align_breakpoint\":\"s\",\"block_align_fallback\":\"center\",\"image\":\"wp-content\\\/uploads\\\/2023\\\/03\\\/sello.png\",\"image_svg_color\":\"emphasis\",\"image_width\":\"200\",\"margin\":\"default\",\"maxwidth\":\"2xlarge\"}}]}]}]},{\"name\":\"Hero\",\"type\":\"section\",\"props\":{\"animation_delay\":false,\"css\":\".uk-heading-divider {\\n    border-bottom-color: #918064;\\n}\",\"height\":\"percent\",\"image\":\"wp-content\\\/uploads\\\/2023\\\/03\\\/Calidad4-8-min.jpg\",\"image_effect\":\"parallax\",\"image_loading\":true,\"image_parallax_bgy\":\"-80,0\",\"image_parallax_breakpoint\":\"m\",\"image_parallax_easing\":\"1\",\"image_position\":\"center-center\",\"image_size\":\"cover\",\"image_width\":\"2560\",\"padding\":\"large\",\"padding_remove_top\":false,\"style\":\"default\",\"text_color\":\"dark\",\"title_breakpoint\":\"xl\",\"title_position\":\"top-left\",\"title_rotation\":\"left\",\"vertical_align\":\"bottom\",\"width\":\"expand\"},\"children\":[{\"type\":\"row\",\"children\":[{\"type\":\"column\",\"props\":{\"image_position\":\"center-center\",\"position_sticky_breakpoint\":\"m\",\"width_medium\":\"1-1\"},\"children\":[{\"type\":\"image\",\"props\":{\"image\":\"wp-content\\\/uploads\\\/2023\\\/02\\\/LOGO-n.png\",\"image_svg_color\":\"emphasis\",\"image_width\":\"350\",\"margin\":\"default\",\"maxwidth\":\"large\",\"text_align\":\"left\"}},{\"type\":\"headline\",\"props\":{\"animation\":\"none\",\"content\":\"Mission BILL\\u00d8N\",\"margin\":\"remove-vertical\",\"maxwidth\":\"2xlarge\",\"text_align\":\"left\",\"text_align_fallback\":\"center\",\"title_decoration\":\"divider\",\"title_element\":\"h1\",\"title_style\":\"heading-medium\"}},{\"type\":\"text\",\"props\":{\"column_breakpoint\":\"m\",\"content\":\"\\u00catre les pionniers de l'industrie du vin de qualit\\u00e9 dans le monde entier alliant une innovation constante \\u00e0 un profond respect pour notre histoire\\n\",\"margin\":\"default\",\"maxwidth\":\"2xlarge\",\"text_style\":\"large\"}},{\"type\":\"image\",\"props\":{\"block_align\":\"right\",\"block_align_breakpoint\":\"s\",\"block_align_fallback\":\"center\",\"image\":\"wp-content\\\/uploads\\\/2023\\\/03\\\/sello.png\",\"image_svg_color\":\"emphasis\",\"image_width\":\"200\",\"margin\":\"default\",\"maxwidth\":\"2xlarge\"}}]}],\"props\":{\"padding_remove_horizontal\":true,\"width\":\"xlarge\",\"width_expand\":\"right\"}}]}],\"version\":\"4.0.7\"} --><\/p>\n","protected":false},"excerpt":{"rendered":"<p>BILL\u00d8N, ce n&rsquo;est pas seulement un vin mais aussi un go\u00fbt, un art de vivre et une nouvelle standard d&rsquo;industrie Design Bouteille brevet\u00e9 exclusive \u00e0 texture diamant d\u00e9velopp\u00e9 par un prestigieux studio de design international Histoire Propre vignoble avec une histoire d&rsquo;\u00e9laboration de vins datant de 1896 Qualit\u00e9 La qualit\u00e9 est l&rsquo;un des principes qui [&hellip;]<\/p>\n","protected":false},"author":1,"featured_media":0,"parent":0,"menu_order":1,"comment_status":"open","ping_status":"open","template":"","meta":{"footnotes":""},"class_list":["post-1885","page","type-page","status-publish","hentry"],"acf":[],"_links":{"self":[{"href":"https:\/\/groupbillon.com\/fr\/wp-json\/wp\/v2\/pages\/1885","targetHints":{"allow":["GET"]}}],"collection":[{"href":"https:\/\/groupbillon.com\/fr\/wp-json\/wp\/v2\/pages"}],"about":[{"href":"https:\/\/groupbillon.com\/fr\/wp-json\/wp\/v2\/types\/page"}],"author":[{"embeddable":true,"href":"https:\/\/groupbillon.com\/fr\/wp-json\/wp\/v2\/users\/1"}],"replies":[{"embeddable":true,"href":"https:\/\/groupbillon.com\/fr\/wp-json\/wp\/v2\/comments?post=1885"}],"version-history":[{"count":3,"href":"https:\/\/groupbillon.com\/fr\/wp-json\/wp\/v2\/pages\/1885\/revisions"}],"predecessor-version":[{"id":2078,"href":"https:\/\/groupbillon.com\/fr\/wp-json\/wp\/v2\/pages\/1885\/revisions\/2078"}],"wp:attachment":[{"href":"https:\/\/groupbillon.com\/fr\/wp-json\/wp\/v2\/media?parent=1885"}],"curies":[{"name":"wp","href":"https:\/\/api.w.org\/{rel}","templated":true}]}}