{"id":1875,"date":"2023-05-22T09:15:39","date_gmt":"2023-05-22T09:15:39","guid":{"rendered":"http:\/\/groupbillon.com\/1433-2\/"},"modified":"2023-07-11T07:33:42","modified_gmt":"2023-07-11T07:33:42","slug":"esperanza","status":"publish","type":"page","link":"https:\/\/groupbillon.com\/fr\/esperanza\/","title":{"rendered":"ESPERANZA"},"content":{"rendered":"<h1>ESPERANZA<\/h1>\n<h2>BILL\u00d8N\u00b7Esperanza 5<\/h2>\n<div>\n<div>5 MOIS EN F\u00dbTS DE CH\u00caNE FRAN\u00c7AIS<\/div>\n<div>\n<p><strong>Mill\u00e9sime:<\/strong> 2021\u00a0|\u00a0<strong>Genre:<\/strong> Sec |\u00a0<strong>TAV:<\/strong> 13,5%vol |\u00a0<strong>75cl<\/strong><br \/>D.O. CARI\u00d1ENA |\u00a0<strong>Vari\u00e9t\u00e9:<\/strong> GARNACHA<\/p>\n<\/div>\n<\/div>\n<div>\n<p>Vin d&rsquo;une couleur rouge rubis brillant, d\u00e9gage des ar\u00f4mes \u00e9pic\u00e9s et fruit\u00e9s de fraises.<br \/>Et poivre blanc. En bouche, il est savoureux, avec beaucoup de fruit et un bon \u00e9quilibre.<\/p>\n<\/div>\n<p><img decoding=\"async\" src=\"\/wp-content\/uploads\/2023\/07\/Esperanza5fr.jpg\" alt=\"\"><br \/>\n<img decoding=\"async\" src=\"\/wp-content\/uploads\/2023\/07\/Esperanza5fr2.jpg\" alt=\"\"><\/p>\n<h2>BILL\u00d8N\u00b7Esperanza 12<\/h2>\n<div>\n<div>12 MOIS EN F\u00dbTS DE CH\u00caNE FRAN\u00c7AIS ET AM\u00c9RICAIN<\/div>\n<div>\n<p><strong>Mill\u00e9sime:<\/strong> 2018\u00a0 | <strong>Genre:<\/strong> Sec | <strong>TAV:<\/strong> 15%vol | <strong>75cl<\/strong><br \/>D.O. RIBERA DEL J\u00daCAR\u00a0 | <strong>Vari\u00e9t\u00e9: <\/strong>CABERNET SAUVIGNON TEMPRANILLO<\/p>\n<\/div>\n<\/div>\n<div>Robe rouge grenat intense, limpide et brillante. El\u00e9gant et \u00e9quilibr\u00e9, avec des notes fum\u00e9es et \u00e9pic\u00e9es sur un fond de fruits noirs m\u00fbrs et d&rsquo;ar\u00f4mes floraux. En bouche, limpide notes de fruits m\u00fbrs et de chocolat noir avec des tanins souples et arrondis, avec une longue finale et persistent avec des notes de clou de girofle, de vanille et de pain grill\u00e9.<\/div>\n<p><img decoding=\"async\" src=\"\/wp-content\/uploads\/2023\/07\/Esperanza12fr.jpg\" alt=\"\"><br \/>\n<img decoding=\"async\" src=\"\/wp-content\/uploads\/2023\/07\/Esperanza12fr2.jpg\" alt=\"\"><\/p>\n<h1>BILL\u00d8N\u00b7Esperanza 12<\/h1>\n<h2>BILL\u00d8N\u00b7Esperanza 15<\/h2>\n<div>\n<div>15 MOIS EN F\u00dbTS DE CH\u00caNE FRAN\u00c7AIS<\/div>\n<div>\n<p><strong>Mill\u00e9sime:<\/strong> 2018\u00a0 | <strong>Genre:<\/strong> Sec | <strong>TAV:<\/strong>  14,5%vol | <strong>75cl<\/strong><br \/>D.O. YECLA | <strong>Vari\u00e9t\u00e9: <\/strong>MONASTRELL- SYRAH- GARNACHA<\/p>\n<\/div>\n<\/div>\n<div>Couleur rouge cerise intense. Au nez c&rsquo;est un vin tr\u00e8s actuel, aux ar\u00f4mes de fruits tr\u00e8s m\u00fbr, framboise, cannelle et violette. Des notes de caf\u00e9 et d&rsquo;\u00e9pices apparaissent avec tertiaire tr\u00e8s marqu\u00e9 du fait de ses 15 mois en barrique. En bouche, il est puissant, avec des tanins tr\u00e8s doux, et des notes de fruits m\u00fbrs, torr\u00e9fi\u00e9s et fum\u00e9s, avec longue et enveloppante.<\/div>\n<p><img decoding=\"async\" src=\"\/wp-content\/uploads\/2023\/07\/Esperanza15fr.jpg\" alt=\"\"><br \/>\n<img decoding=\"async\" src=\"\/wp-content\/uploads\/2023\/07\/Esperanza15fr2.jpg\" alt=\"\"><\/p>\n<h1>BILL\u00d8N\u00b7Esperanza 15<\/h1>\n<p><!--more--><br \/>\n<!-- {\"type\":\"layout\",\"children\":[{\"name\":\"CABECERA VINOS\",\"type\":\"section\",\"props\":{\"animation_delay\":false,\"height\":\"percent\",\"image\":\"wp-content\\\/uploads\\\/2023\\\/05\\\/1-esperanza.jpg\",\"image_loading\":true,\"image_parallax_bgy\":\",\",\"image_parallax_breakpoint\":\"m\",\"image_position\":\"center-center\",\"image_size\":\"cover\",\"image_width\":\"2560\",\"padding\":\"large\",\"padding_remove_top\":false,\"style\":\"default\",\"text_color\":\"light\",\"title_breakpoint\":\"xl\",\"title_position\":\"top-left\",\"title_rotation\":\"left\",\"vertical_align\":\"\",\"width\":\"expand\"},\"children\":[{\"type\":\"row\",\"children\":[{\"type\":\"column\",\"props\":{\"image_position\":\"center-center\",\"position_sticky_breakpoint\":\"m\",\"width_medium\":\"1-1\"},\"children\":[{\"type\":\"headline\",\"props\":{\"animation\":\"none\",\"content\":\"ESPERANZA\",\"maxwidth\":\"large\",\"position_top\":\"-600\",\"text_align\":\"left\",\"text_align_breakpoint\":\"s\",\"text_align_fallback\":\"center\",\"title_decoration\":\"divider\",\"title_element\":\"h1\",\"title_style\":\"heading-medium\"}}]}],\"props\":{\"width\":\"xlarge\"}}]},{\"name\":\"Opening hours\",\"type\":\"section\",\"props\":{\"animation\":\"fade\",\"css\":\".uk-section-secondary {\\n    background: #000000!important;\\n    background-image: linear-gradient(5deg,#000000 0,#000000 100%)!important;\\n}\",\"header_overlay\":\"light\",\"header_transparent\":\"dark\",\"height_viewport\":false,\"image_effect\":\"parallax\",\"image_parallax_bgy\":\"-250,10\",\"image_parallax_easing\":\"1\",\"image_position\":\"center-center\",\"media_visibility\":\"m\",\"padding\":\"large\",\"padding_remove_top\":false,\"style\":\"secondary\",\"title_breakpoint\":\"xl\",\"title_position\":\"top-left\",\"title_rotation\":\"left\",\"vertical_align\":\"middle\",\"width\":\"large\"},\"children\":[{\"type\":\"row\",\"props\":{\"divider\":false,\"layout\":\"1-2,1-2\",\"margin\":\"default\",\"match\":false,\"vertical_align\":true},\"children\":[{\"type\":\"column\",\"props\":{\"image_position\":\"center-center\",\"position_sticky_breakpoint\":\"m\",\"width_large\":\"1-2\"},\"children\":[{\"type\":\"headline\",\"props\":{\"content\":\"BILL\\u00d8N\\u00b7Esperanza 5\",\"text_align\":\"left\",\"title_element\":\"h2\",\"title_style\":\"h1\"}}]},{\"type\":\"column\",\"props\":{\"image_position\":\"center-center\",\"position_sticky_breakpoint\":\"m\",\"vertical_align\":\"middle\",\"width_large\":\"1-2\"},\"children\":[{\"type\":\"panel\",\"props\":{\"block_align\":\"right\",\"content\":\"\n\n<p><strong>Mill\\u00e9sime:<\\\/strong> 2021\\u00a0|\\u00a0<strong>Genre:<\\\/strong> Sec |\\u00a0<strong>TAV:<\\\/strong> 13,5%vol |\\u00a0<strong>75cl<\\\/strong><br \\\/>D.O. CARI\\u00d1ENA |\\u00a0<strong>Vari\\u00e9t\\u00e9:<\\\/strong> GARNACHA<\\\/p>\",\"content_column_breakpoint\":\"m\",\"icon_width\":80,\"image_align\":\"top\",\"image_grid_breakpoint\":\"m\",\"image_grid_width\":\"1-2\",\"image_svg_color\":\"emphasis\",\"link_style\":\"default\",\"link_text\":\"Read more\",\"margin\":\"default\",\"maxwidth\":\"xlarge\",\"maxwidth_breakpoint\":\"l\",\"meta\":\"\",\"meta_align\":\"above-title\",\"meta_element\":\"h2\",\"meta_style\":\"h5\",\"panel_padding\":\"small\",\"panel_style\":\"card-default\",\"text_align\":\"left\",\"text_align_breakpoint\":\"l\",\"text_align_fallback\":\"center\",\"title\":\"5 MOIS EN F\\u00dbTS DE CH\\u00caNE FRAN\\u00c7AIS\",\"title_align\":\"top\",\"title_color\":\"secondary\",\"title_element\":\"div\",\"title_grid_breakpoint\":\"m\",\"title_grid_width\":\"1-2\",\"title_hover_style\":\"reset\",\"title_style\":\"h2\"}}]}]},{\"type\":\"row\",\"children\":[{\"type\":\"column\",\"props\":{\"image_position\":\"center-center\",\"position_sticky_breakpoint\":\"m\",\"width_medium\":\"1-1\"},\"children\":[{\"name\":\"Text Size Large\",\"type\":\"text\",\"props\":{\"column_breakpoint\":\"m\",\"content\":\"\n\n<p>Vin d'une couleur rouge rubis brillant, d\\u00e9gage des ar\\u00f4mes \\u00e9pic\\u00e9s et fruit\\u00e9s de fraises.<br \\\/>Et poivre blanc. En bouche, il est savoureux, avec beaucoup de fruit et un bon \\u00e9quilibre.<\\\/p>\",\"margin\":\"\",\"text_style\":\"large\"}}]}]},{\"type\":\"row\",\"props\":{\"divider\":false,\"layout\":\"1-2,1-2\",\"margin\":\"default\",\"match\":false,\"vertical_align\":true},\"children\":[{\"type\":\"column\",\"props\":{\"image_position\":\"center-center\",\"position_sticky_breakpoint\":\"m\",\"vertical_align\":\"middle\",\"width_large\":\"1-2\"},\"children\":[{\"type\":\"image\",\"props\":{\"image\":\"wp-content\\\/uploads\\\/2023\\\/07\\\/Esperanza5fr.jpg\",\"image_svg_color\":\"emphasis\",\"margin\":\"default\"}}]},{\"type\":\"column\",\"props\":{\"image_position\":\"center-center\",\"position_sticky_breakpoint\":\"m\",\"vertical_align\":\"middle\",\"width_large\":\"1-2\"},\"children\":[{\"type\":\"image\",\"props\":{\"image\":\"wp-content\\\/uploads\\\/2023\\\/07\\\/Esperanza5fr2.jpg\",\"image_svg_color\":\"emphasis\",\"margin\":\"default\"}}]}]}]},{\"name\":\"CABECERA VINOS\",\"type\":\"section\",\"props\":{\"animation_delay\":false,\"height\":\"percent\",\"image\":\"wp-content\\\/uploads\\\/2023\\\/05\\\/2-2-min.jpg\",\"image_loading\":true,\"image_parallax_bgy\":\",\",\"image_parallax_breakpoint\":\"m\",\"image_position\":\"center-center\",\"image_size\":\"cover\",\"image_width\":\"2560\",\"padding\":\"large\",\"padding_remove_top\":false,\"style\":\"default\",\"text_color\":\"light\",\"title_breakpoint\":\"xl\",\"title_position\":\"top-left\",\"title_rotation\":\"left\",\"vertical_align\":\"\",\"width\":\"expand\"},\"children\":[{\"type\":\"row\",\"children\":[{\"type\":\"column\",\"props\":{\"image_position\":\"center-center\",\"position_sticky_breakpoint\":\"m\",\"width_medium\":\"1-1\"}}],\"props\":{\"width\":\"xlarge\"}}]},{\"name\":\"Opening hours\",\"type\":\"section\",\"props\":{\"animation\":\"fade\",\"css\":\".uk-section-secondary {\\n    background: #000000!important;\\n    background-image: linear-gradient(5deg,#000000 0,#000000 100%)!important;\\n}\",\"header_overlay\":\"light\",\"header_transparent\":\"dark\",\"height_viewport\":false,\"image_effect\":\"parallax\",\"image_parallax_bgy\":\"-250,10\",\"image_parallax_easing\":\"1\",\"image_position\":\"center-center\",\"media_visibility\":\"m\",\"padding\":\"large\",\"padding_remove_top\":false,\"style\":\"secondary\",\"title_breakpoint\":\"xl\",\"title_position\":\"top-left\",\"title_rotation\":\"left\",\"vertical_align\":\"middle\",\"width\":\"large\"},\"children\":[{\"type\":\"row\",\"props\":{\"divider\":false,\"layout\":\"1-2,1-2\",\"margin\":\"default\",\"match\":false,\"vertical_align\":true},\"children\":[{\"type\":\"column\",\"props\":{\"image_position\":\"center-center\",\"position_sticky_breakpoint\":\"m\",\"width_large\":\"1-2\"},\"children\":[{\"type\":\"headline\",\"props\":{\"content\":\"BILL\\u00d8N\\u00b7Esperanza 12\",\"text_align\":\"left\",\"title_element\":\"h2\",\"title_style\":\"h1\"}}]},{\"type\":\"column\",\"props\":{\"image_position\":\"center-center\",\"position_sticky_breakpoint\":\"m\",\"vertical_align\":\"middle\",\"width_large\":\"1-2\"},\"children\":[{\"type\":\"panel\",\"props\":{\"block_align\":\"right\",\"content\":\"\n\n<p><strong>Mill\\u00e9sime:<\\\/strong> 2018\\u00a0 | <strong>Genre:<\\\/strong> Sec | <strong>TAV:<\\\/strong> 15%vol | <strong>75cl<\\\/strong><br \\\/>D.O. RIBERA DEL J\\u00daCAR\\u00a0 | <strong>Vari\\u00e9t\\u00e9: <\\\/strong>CABERNET SAUVIGNON TEMPRANILLO<\\\/p>\",\"content_column_breakpoint\":\"m\",\"icon_width\":80,\"image_align\":\"top\",\"image_grid_breakpoint\":\"m\",\"image_grid_width\":\"1-2\",\"image_svg_color\":\"emphasis\",\"link_style\":\"default\",\"link_text\":\"Read more\",\"margin\":\"default\",\"maxwidth\":\"xlarge\",\"maxwidth_breakpoint\":\"l\",\"meta\":\"\",\"meta_align\":\"above-title\",\"meta_element\":\"h2\",\"meta_style\":\"h5\",\"panel_padding\":\"small\",\"panel_style\":\"card-default\",\"text_align\":\"left\",\"text_align_breakpoint\":\"l\",\"text_align_fallback\":\"center\",\"title\":\"12 MOIS EN F\\u00dbTS DE CH\\u00caNE FRAN\\u00c7AIS ET AM\\u00c9RICAIN\",\"title_align\":\"top\",\"title_color\":\"secondary\",\"title_element\":\"div\",\"title_grid_breakpoint\":\"m\",\"title_grid_width\":\"1-2\",\"title_hover_style\":\"reset\",\"title_style\":\"h2\"}}]}]},{\"type\":\"row\",\"children\":[{\"type\":\"column\",\"props\":{\"image_position\":\"center-center\",\"position_sticky_breakpoint\":\"m\",\"width_medium\":\"1-1\"},\"children\":[{\"name\":\"Text Size Large\",\"type\":\"text\",\"props\":{\"column_breakpoint\":\"m\",\"content\":\"Robe rouge grenat intense, limpide et brillante. El\\u00e9gant et \\u00e9quilibr\\u00e9, avec des notes fum\\u00e9es et \\u00e9pic\\u00e9es sur un fond de fruits noirs m\\u00fbrs et d'ar\\u00f4mes floraux. En bouche, limpide notes de fruits m\\u00fbrs et de chocolat noir avec des tanins souples et arrondis, avec une longue finale et persistent avec des notes de clou de girofle, de vanille et de pain grill\\u00e9.\",\"margin\":\"\",\"text_style\":\"large\"}}]}]},{\"type\":\"row\",\"props\":{\"divider\":false,\"layout\":\"1-2,1-2\",\"margin\":\"default\",\"match\":false,\"vertical_align\":true},\"children\":[{\"type\":\"column\",\"props\":{\"image_position\":\"center-center\",\"position_sticky_breakpoint\":\"m\",\"vertical_align\":\"middle\",\"width_large\":\"1-2\"},\"children\":[{\"type\":\"image\",\"props\":{\"image\":\"wp-content\\\/uploads\\\/2023\\\/07\\\/Esperanza12fr.jpg\",\"image_svg_color\":\"emphasis\",\"margin\":\"default\"}}]},{\"type\":\"column\",\"props\":{\"image_position\":\"center-center\",\"position_sticky_breakpoint\":\"m\",\"vertical_align\":\"middle\",\"width_large\":\"1-2\"},\"children\":[{\"type\":\"image\",\"props\":{\"image\":\"wp-content\\\/uploads\\\/2023\\\/07\\\/Esperanza12fr2.jpg\",\"image_svg_color\":\"emphasis\",\"margin\":\"default\"}}]}]}]},{\"name\":\"CABECERA VINOS\",\"type\":\"section\",\"props\":{\"animation_delay\":false,\"height\":\"percent\",\"image\":\"wp-content\\\/uploads\\\/2023\\\/05\\\/c-esperanza-12.jpg\",\"image_loading\":true,\"image_parallax_bgy\":\",\",\"image_parallax_breakpoint\":\"m\",\"image_position\":\"center-center\",\"image_size\":\"cover\",\"image_width\":\"2560\",\"padding\":\"large\",\"padding_remove_top\":false,\"style\":\"default\",\"text_color\":\"light\",\"title_breakpoint\":\"xl\",\"title_position\":\"top-left\",\"title_rotation\":\"left\",\"vertical_align\":\"\",\"width\":\"expand\"},\"children\":[{\"type\":\"row\",\"children\":[{\"type\":\"column\",\"props\":{\"image_position\":\"center-center\",\"position_sticky_breakpoint\":\"m\",\"width_medium\":\"1-1\"},\"children\":[{\"type\":\"headline\",\"props\":{\"animation\":\"none\",\"content\":\"BILL\\u00d8N\\u00b7Esperanza 12\",\"maxwidth\":\"2xlarge\",\"position_top\":\"-600\",\"text_align\":\"left\",\"text_align_breakpoint\":\"s\",\"text_align_fallback\":\"center\",\"title_decoration\":\"divider\",\"title_element\":\"h1\",\"title_style\":\"heading-medium\"}}]}],\"props\":{\"width\":\"xlarge\"}}]},{\"name\":\"Opening hours\",\"type\":\"section\",\"props\":{\"animation\":\"fade\",\"css\":\".uk-section-secondary {\\n    background: #000000!important;\\n    background-image: linear-gradient(5deg,#000000 0,#000000 100%)!important;\\n}\",\"header_overlay\":\"light\",\"header_transparent\":\"dark\",\"height_viewport\":false,\"image_effect\":\"parallax\",\"image_parallax_bgy\":\"-250,10\",\"image_parallax_easing\":\"1\",\"image_position\":\"center-center\",\"media_visibility\":\"m\",\"padding\":\"large\",\"padding_remove_top\":false,\"style\":\"secondary\",\"title_breakpoint\":\"xl\",\"title_position\":\"top-left\",\"title_rotation\":\"left\",\"vertical_align\":\"middle\",\"width\":\"large\"},\"children\":[{\"type\":\"row\",\"props\":{\"divider\":false,\"layout\":\"1-2,1-2\",\"margin\":\"default\",\"match\":false,\"vertical_align\":true},\"children\":[{\"type\":\"column\",\"props\":{\"image_position\":\"center-center\",\"position_sticky_breakpoint\":\"m\",\"width_large\":\"1-2\"},\"children\":[{\"type\":\"headline\",\"props\":{\"content\":\"BILL\\u00d8N\\u00b7Esperanza 15\",\"text_align\":\"left\",\"title_element\":\"h2\",\"title_style\":\"h1\"}}]},{\"type\":\"column\",\"props\":{\"image_position\":\"center-center\",\"position_sticky_breakpoint\":\"m\",\"vertical_align\":\"middle\",\"width_large\":\"1-2\"},\"children\":[{\"type\":\"panel\",\"props\":{\"block_align\":\"right\",\"content\":\"\n\n<p><strong>Mill\\u00e9sime:<\\\/strong> 2018\\u00a0 | <strong>Genre:<\\\/strong> Sec | <strong>TAV:<\\\/strong>  14,5%vol | <strong>75cl<\\\/strong><br \\\/>D.O. YECLA | <strong>Vari\\u00e9t\\u00e9: <\\\/strong>MONASTRELL- SYRAH- GARNACHA<\\\/p>\",\"content_column_breakpoint\":\"m\",\"icon_width\":80,\"image_align\":\"top\",\"image_grid_breakpoint\":\"m\",\"image_grid_width\":\"1-2\",\"image_svg_color\":\"emphasis\",\"link_style\":\"default\",\"link_text\":\"Read more\",\"margin\":\"default\",\"maxwidth\":\"xlarge\",\"maxwidth_breakpoint\":\"l\",\"meta\":\"\",\"meta_align\":\"above-title\",\"meta_element\":\"h2\",\"meta_style\":\"h5\",\"panel_padding\":\"small\",\"panel_style\":\"card-default\",\"text_align\":\"left\",\"text_align_breakpoint\":\"l\",\"text_align_fallback\":\"center\",\"title\":\"15 MOIS EN F\\u00dbTS DE CH\\u00caNE FRAN\\u00c7AIS\",\"title_align\":\"top\",\"title_color\":\"secondary\",\"title_element\":\"div\",\"title_grid_breakpoint\":\"m\",\"title_grid_width\":\"1-2\",\"title_hover_style\":\"reset\",\"title_style\":\"h2\"}}]}]},{\"type\":\"row\",\"children\":[{\"type\":\"column\",\"props\":{\"image_position\":\"center-center\",\"position_sticky_breakpoint\":\"m\",\"width_medium\":\"1-1\"},\"children\":[{\"name\":\"Text Size Large\",\"type\":\"text\",\"props\":{\"column_breakpoint\":\"m\",\"content\":\"Couleur rouge cerise intense. Au nez c'est un vin tr\\u00e8s actuel, aux ar\\u00f4mes de fruits tr\\u00e8s m\\u00fbr, framboise, cannelle et violette. Des notes de caf\\u00e9 et d'\\u00e9pices apparaissent avec tertiaire tr\\u00e8s marqu\\u00e9 du fait de ses 15 mois en barrique. En bouche, il est puissant, avec des tanins tr\\u00e8s doux, et des notes de fruits m\\u00fbrs, torr\\u00e9fi\\u00e9s et fum\\u00e9s, avec longue et enveloppante.\",\"margin\":\"\",\"text_align\":\"justify\",\"text_style\":\"large\"}}]}]},{\"type\":\"row\",\"props\":{\"divider\":false,\"layout\":\"1-2,1-2\",\"margin\":\"default\",\"match\":false,\"vertical_align\":true},\"children\":[{\"type\":\"column\",\"props\":{\"image_position\":\"center-center\",\"position_sticky_breakpoint\":\"m\",\"vertical_align\":\"middle\",\"width_large\":\"1-2\"},\"children\":[{\"type\":\"image\",\"props\":{\"image\":\"wp-content\\\/uploads\\\/2023\\\/07\\\/Esperanza15fr.jpg\",\"image_svg_color\":\"emphasis\",\"margin\":\"default\"}}]},{\"type\":\"column\",\"props\":{\"image_position\":\"center-center\",\"position_sticky_breakpoint\":\"m\",\"vertical_align\":\"middle\",\"width_large\":\"1-2\"},\"children\":[{\"type\":\"image\",\"props\":{\"image\":\"wp-content\\\/uploads\\\/2023\\\/07\\\/Esperanza15fr2.jpg\",\"image_svg_color\":\"emphasis\",\"margin\":\"default\"}}]}]}]},{\"name\":\"CABECERA VINOS\",\"type\":\"section\",\"props\":{\"animation_delay\":false,\"height\":\"percent\",\"image\":\"wp-content\\\/uploads\\\/2023\\\/05\\\/c-esperanza-15.jpg\",\"image_loading\":true,\"image_parallax_bgy\":\",\",\"image_parallax_breakpoint\":\"m\",\"image_position\":\"center-center\",\"image_size\":\"cover\",\"image_width\":\"2560\",\"padding\":\"large\",\"padding_remove_top\":false,\"style\":\"default\",\"text_color\":\"light\",\"title_breakpoint\":\"xl\",\"title_position\":\"top-left\",\"title_rotation\":\"left\",\"vertical_align\":\"\",\"width\":\"expand\"},\"children\":[{\"type\":\"row\",\"children\":[{\"type\":\"column\",\"props\":{\"image_position\":\"center-center\",\"position_sticky_breakpoint\":\"m\",\"width_medium\":\"1-1\"},\"children\":[{\"type\":\"headline\",\"props\":{\"animation\":\"none\",\"block_align\":\"right\",\"content\":\"BILL\\u00d8N\\u00b7Esperanza 15\",\"maxwidth\":\"2xlarge\",\"position_top\":\"-600\",\"text_align\":\"left\",\"text_align_breakpoint\":\"s\",\"text_align_fallback\":\"center\",\"title_decoration\":\"divider\",\"title_element\":\"h1\",\"title_style\":\"heading-medium\"}}]}],\"props\":{\"width\":\"xlarge\"}}]}],\"version\":\"4.0.7\"} --><\/p>\n","protected":false},"excerpt":{"rendered":"<p>ESPERANZA BILL\u00d8N\u00b7Esperanza 5 5 MOIS EN F\u00dbTS DE CH\u00caNE FRAN\u00c7AIS Mill\u00e9sime: 2021\u00a0|\u00a0Genre: Sec |\u00a0TAV: 13,5%vol |\u00a075clD.O. CARI\u00d1ENA |\u00a0Vari\u00e9t\u00e9: GARNACHA Vin d&rsquo;une couleur rouge rubis brillant, d\u00e9gage des ar\u00f4mes \u00e9pic\u00e9s et fruit\u00e9s de fraises.Et poivre blanc. En bouche, il est savoureux, avec beaucoup de fruit et un bon \u00e9quilibre. BILL\u00d8N\u00b7Esperanza 12 12 MOIS EN F\u00dbTS DE [&hellip;]<\/p>\n","protected":false},"author":1,"featured_media":0,"parent":0,"menu_order":0,"comment_status":"closed","ping_status":"closed","template":"","meta":{"footnotes":""},"class_list":["post-1875","page","type-page","status-publish","hentry"],"acf":[],"_links":{"self":[{"href":"https:\/\/groupbillon.com\/fr\/wp-json\/wp\/v2\/pages\/1875","targetHints":{"allow":["GET"]}}],"collection":[{"href":"https:\/\/groupbillon.com\/fr\/wp-json\/wp\/v2\/pages"}],"about":[{"href":"https:\/\/groupbillon.com\/fr\/wp-json\/wp\/v2\/types\/page"}],"author":[{"embeddable":true,"href":"https:\/\/groupbillon.com\/fr\/wp-json\/wp\/v2\/users\/1"}],"replies":[{"embeddable":true,"href":"https:\/\/groupbillon.com\/fr\/wp-json\/wp\/v2\/comments?post=1875"}],"version-history":[{"count":9,"href":"https:\/\/groupbillon.com\/fr\/wp-json\/wp\/v2\/pages\/1875\/revisions"}],"predecessor-version":[{"id":2134,"href":"https:\/\/groupbillon.com\/fr\/wp-json\/wp\/v2\/pages\/1875\/revisions\/2134"}],"wp:attachment":[{"href":"https:\/\/groupbillon.com\/fr\/wp-json\/wp\/v2\/media?parent=1875"}],"curies":[{"name":"wp","href":"https:\/\/api.w.org\/{rel}","templated":true}]}}