{"id":1894,"date":"2019-09-03T06:45:05","date_gmt":"2019-09-03T06:45:05","guid":{"rendered":"http:\/\/groupbillon.com\/lets-talk\/"},"modified":"2023-07-10T07:34:11","modified_gmt":"2023-07-10T07:34:11","slug":"contact","status":"publish","type":"page","link":"https:\/\/groupbillon.com\/en\/contact\/","title":{"rendered":"Contact"},"content":{"rendered":"<p><img decoding=\"async\" src=\"\/wp-content\/uploads\/2023\/03\/sello.png\" alt=\"\"><\/p>\n<div>Fill in the form or write to our email and in a short time we will contact you.<\/div>\n<hr>\n<h1>BILL\u00d8N, Pioneer of Wine<\/h1>\n<ul>\n<li>\n<p><a href=\"https:\/\/www.google.com\/maps\/place\/C.+Jupiter,+16,+28229+Villanueva+del+Pardillo,+Madrid\/@40.492129,-3.9844977,17z\/data=!3m1!4b1!4m6!3m5!1s0xd419c047b037ccf:0xe0dd044994e74406!8m2!3d40.492129!4d-3.982309!16s%2Fg%2F11c5lrqnkf\">Calle J\u00fapiter 16, 28229, Villanueva del Pardillo, Madrid, Espa\u00f1a<\/a><\/p>\n<\/li>\n<li>\n<p><a href=\"tel:+34911994108\">+34 911 99 41 08<\/a><\/p>\n<\/li>\n<li>\n<p><a href=\"mailto:info@groupbillon.com\">E-mail: info@groupbillon.com<\/a><\/p>\n<\/li>\n<\/ul>\n<div>\n<div class=\"wpforms-container wpforms-container-full wpforms-render-modern\" id=\"wpforms-1405\"><form id=\"wpforms-form-1405\" class=\"wpforms-validate wpforms-form wpforms-ajax-form\" data-formid=\"1405\" method=\"post\" enctype=\"multipart\/form-data\" action=\"\/en\/wp-json\/wp\/v2\/pages\/1894\" data-token=\"ecf3f3d4e202c9dc512b4387fa22fee2\"><noscript class=\"wpforms-error-noscript\">Please enable JavaScript in your browser to complete this form.<\/noscript><div class=\"wpforms-hidden\" id=\"wpforms-error-noscript\">Please enable JavaScript in your browser to complete this form.<\/div><div class=\"wpforms-field-container\"><div id=\"wpforms-1405-field_0-container\" class=\"wpforms-field wpforms-field-name\" data-field-id=\"0\"><fieldset><legend class=\"wpforms-field-label wpforms-label-hide\" aria-hidden=\"false\">Name <span class=\"wpforms-required-label\" aria-hidden=\"true\">*<\/span><\/legend><div class=\"wpforms-field-row wpforms-field-large\"><div class=\"wpforms-field-row-block wpforms-first wpforms-one-half\"><input type=\"text\" id=\"wpforms-1405-field_0\" class=\"wpforms-field-name-first wpforms-field-required\" name=\"wpforms[fields][0][first]\" placeholder=\"Name\" aria-errormessage=\"wpforms-1405-field_0-error\" required><label for=\"wpforms-1405-field_0\" class=\"wpforms-field-sublabel after wpforms-sublabel-hide\">First<\/label><\/div><div class=\"wpforms-field-row-block wpforms-one-half\"><input type=\"text\" id=\"wpforms-1405-field_0-last\" class=\"wpforms-field-name-last wpforms-field-required\" name=\"wpforms[fields][0][last]\" placeholder=\"Surname\" aria-errormessage=\"wpforms-1405-field_0-last-error\" required><label for=\"wpforms-1405-field_0-last\" class=\"wpforms-field-sublabel after wpforms-sublabel-hide\">Last<\/label><\/div><\/div><\/fieldset><\/div><div id=\"wpforms-1405-field_1-container\" class=\"wpforms-field wpforms-field-email\" data-field-id=\"1\"><label class=\"wpforms-field-label wpforms-label-hide\" for=\"wpforms-1405-field_1\" aria-hidden=\"false\">E-mail address <span class=\"wpforms-required-label\" aria-hidden=\"true\">*<\/span><\/label><input type=\"email\" id=\"wpforms-1405-field_1\" class=\"wpforms-field-large wpforms-field-required\" name=\"wpforms[fields][1]\" placeholder=\"E-mail address\" spellcheck=\"false\" aria-errormessage=\"wpforms-1405-field_1-error\" required><\/div><div id=\"wpforms-1405-field_2-container\" class=\"wpforms-field wpforms-field-textarea\" data-field-id=\"2\"><label class=\"wpforms-field-label wpforms-label-hide\" for=\"wpforms-1405-field_2\" aria-hidden=\"false\">Write your message<\/label><textarea id=\"wpforms-1405-field_2\" class=\"wpforms-field-medium\" name=\"wpforms[fields][2]\" placeholder=\"Write your message\" aria-errormessage=\"wpforms-1405-field_2-error\" ><\/textarea><\/div><\/div><!-- .wpforms-field-container --><div class=\"wpforms-submit-container\" ><input type=\"hidden\" name=\"wpforms[id]\" value=\"1405\"><input type=\"hidden\" name=\"wpforms[author]\" value=\"1\"><button type=\"submit\" name=\"wpforms[submit]\" id=\"wpforms-submit-1405\" class=\"wpforms-submit\" data-alt-text=\"Sending...\" data-submit-text=\"Send\" aria-live=\"assertive\" value=\"wpforms-submit\">Send<\/button><img loading=\"lazy\" decoding=\"async\" src=\"https:\/\/groupbillon.com\/wp-content\/plugins\/wpforms-lite\/assets\/images\/submit-spin.svg\" class=\"wpforms-submit-spinner\" style=\"display: none;\" width=\"26\" height=\"26\" alt=\"Loading\"><\/div><\/form><\/div>  <!-- .wpforms-container --><\/div>\n<p><!--more--><br \/>\n<!-- {\"type\":\"layout\",\"children\":[{\"type\":\"section\",\"props\":{\"css\":\"@media (min-width: 960px) {\\n    .el-section > div  {\\n        padding-top: 350px;\\n        padding-bottom: 350px;\\n    }\\n}\",\"height\":\"full\",\"image\":\"wp-content\\\/uploads\\\/2023\\\/05\\\/billon-contact.jpg\",\"image_height\":\"1054\",\"image_loading\":true,\"image_position\":\"center-center\",\"image_size\":\"cover\",\"image_width\":\"1920\",\"padding\":\"xlarge\",\"style\":\"default\",\"title_breakpoint\":\"xl\",\"title_position\":\"top-left\",\"title_rotation\":\"left\",\"vertical_align\":\"middle\",\"width\":\"\"},\"children\":[{\"type\":\"row\",\"children\":[{\"type\":\"column\",\"props\":{\"image_position\":\"center-center\",\"position_sticky_breakpoint\":\"m\",\"width_medium\":\"1-1\"},\"children\":[{\"type\":\"image\",\"props\":{\"css\":\".el-image { \\n    min-width: 150px;\\n    max-width: 30vw;\\n}\",\"image\":\"wp-content\\\/uploads\\\/2023\\\/03\\\/sello.png\",\"image_loading\":true,\"image_svg_color\":\"emphasis\",\"image_width\":\"250\",\"margin\":\"default\",\"parallax_easing\":\"1\",\"parallax_y\":\"3vh,-3vh\",\"position\":\"absolute\",\"position_left\":\"40vw\",\"position_top\":\"480\",\"position_z_index\":\"0\"}}]}]}],\"name\":\"Hero\"},{\"type\":\"section\",\"props\":{\"image_position\":\"center-center\",\"padding\":\"xlarge\",\"style\":\"default\",\"title_breakpoint\":\"xl\",\"title_position\":\"top-left\",\"title_rotation\":\"left\",\"vertical_align\":\"middle\",\"width\":\"default\"},\"children\":[{\"type\":\"row\",\"props\":{\"margin\":\"medium\",\"margin_remove_bottom\":false},\"children\":[{\"type\":\"column\",\"props\":{\"image_position\":\"center-center\",\"position_sticky_breakpoint\":\"m\"},\"children\":[{\"type\":\"text\",\"props\":{\"column_breakpoint\":\"m\",\"content\":\"Fill in the form or write to our email and in a short time we will contact you.\",\"margin\":\"default\",\"position\":\"relative\",\"position_z_index\":\"1\",\"text_align\":\"left\",\"text_align_breakpoint\":\"s\",\"text_align_fallback\":\"center\",\"text_style\":\"lead\"}},{\"name\":\"Divider Style Default\",\"type\":\"divider\",\"props\":{\"divider_element\":\"hr\"}}]}]},{\"type\":\"row\",\"props\":{\"layout\":\"1-2,1-2\",\"margin\":\"medium\",\"margin_remove_bottom\":false,\"match\":false},\"children\":[{\"type\":\"column\",\"props\":{\"image_position\":\"center-center\",\"position_sticky_breakpoint\":\"m\",\"width_medium\":\"1-2\"},\"children\":[{\"type\":\"headline\",\"props\":{\"content\":\"BILL\\u00d8N, Pioneer of Wine\",\"margin\":\"default\",\"margin_remove_bottom\":false,\"maxwidth\":\"large\",\"position\":\"relative\",\"position_z_index\":\"1\",\"text_align\":\"left\",\"text_align_breakpoint\":\"s\",\"text_align_fallback\":\"center\",\"title_element\":\"h1\",\"title_style\":\"h2\"}},{\"name\":\"Nav Style Secondary Subtitles\",\"type\":\"nav\",\"children\":[{\"type\":\"nav_item\",\"props\":{\"content\":\"Calle J\\u00fapiter 16, 28229, Villanueva del Pardillo, Madrid, Espa\\u00f1a\",\"icon\":\"location\",\"link\":\"https:\\\/\\\/www.google.com\\\/maps\\\/place\\\/C.+Jupiter,+16,+28229+Villanueva+del+Pardillo,+Madrid\\\/@40.492129,-3.9844977,17z\\\/data=!3m1!4b1!4m6!3m5!1s0xd419c047b037ccf:0xe0dd044994e74406!8m2!3d40.492129!4d-3.982309!16s%2Fg%2F11c5lrqnkf\"}},{\"type\":\"nav_item\",\"props\":{\"content\":\"+34 911 99 41 08\",\"icon\":\"receiver\",\"link\":\"tel:+34911994108\"}},{\"type\":\"nav_item\",\"props\":{\"content\":\"E-mail: info@groupbillon.com\",\"icon\":\"mail\",\"link\":\"mailto:info@groupbillon.com\"}}],\"props\":{\"css\":\".uk-nav-secondary {\\n    font-size: 16px !important;\\n}\",\"grid\":\"1\",\"grid_column_gap\":\"large\",\"grid_divider\":false,\"grid_row_gap\":\"large\",\"icon_width\":\"40\",\"image_margin\":true,\"image_svg_color\":\"primary\",\"image_svg_inline\":true,\"image_vertical_align\":false,\"nav_divider\":false,\"nav_style\":\"secondary\",\"show_image\":true,\"show_meta\":true}}]},{\"type\":\"column\",\"props\":{\"image_position\":\"center-center\",\"position_sticky_breakpoint\":\"m\",\"width_medium\":\"1-2\"},\"children\":[{\"type\":\"html\",\"props\":{\"content\":\"[wpforms id=\\\"1405\\\"]\"},\"name\":\"Shortcode Formulario [wpforms id=\\\"1405\\\"]\"}]}]}],\"name\":\"Contact\"}],\"version\":\"4.0.7\"} --><\/p>\n","protected":false},"excerpt":{"rendered":"<p>Fill in the form or write to our email and in a short time we will contact you. BILL\u00d8N, Pioneer of Wine Calle J\u00fapiter 16, 28229, Villanueva del Pardillo, Madrid, Espa\u00f1a +34 911 99 41 08 E-mail: info@groupbillon.com<\/p>\n","protected":false},"author":1,"featured_media":0,"parent":0,"menu_order":2,"comment_status":"open","ping_status":"closed","template":"","meta":{"footnotes":""},"class_list":["post-1894","page","type-page","status-publish","hentry"],"acf":[],"_links":{"self":[{"href":"https:\/\/groupbillon.com\/en\/wp-json\/wp\/v2\/pages\/1894","targetHints":{"allow":["GET"]}}],"collection":[{"href":"https:\/\/groupbillon.com\/en\/wp-json\/wp\/v2\/pages"}],"about":[{"href":"https:\/\/groupbillon.com\/en\/wp-json\/wp\/v2\/types\/page"}],"author":[{"embeddable":true,"href":"https:\/\/groupbillon.com\/en\/wp-json\/wp\/v2\/users\/1"}],"replies":[{"embeddable":true,"href":"https:\/\/groupbillon.com\/en\/wp-json\/wp\/v2\/comments?post=1894"}],"version-history":[{"count":3,"href":"https:\/\/groupbillon.com\/en\/wp-json\/wp\/v2\/pages\/1894\/revisions"}],"predecessor-version":[{"id":2024,"href":"https:\/\/groupbillon.com\/en\/wp-json\/wp\/v2\/pages\/1894\/revisions\/2024"}],"wp:attachment":[{"href":"https:\/\/groupbillon.com\/en\/wp-json\/wp\/v2\/media?parent=1894"}],"curies":[{"name":"wp","href":"https:\/\/api.w.org\/{rel}","templated":true}]}}